{"id":3381,"date":"2025-10-09T11:50:30","date_gmt":"2025-10-09T09:50:30","guid":{"rendered":"https:\/\/www.pastificiodestefano.it\/contacts\/"},"modified":"2025-10-09T12:12:23","modified_gmt":"2025-10-09T10:12:23","slug":"contacts","status":"publish","type":"page","link":"https:\/\/www.pastificiodestefano.it\/fr\/contacts\/","title":{"rendered":"Contacts"},"content":{"rendered":"<p>[vc_row css=&#8221;.vc_custom_1476872491471{margin-bottom: 100px !important;}&#8221;][vc_column width=&#8221;1\/4&#8243;][insight_icon_boxes display_icon=&#8221;&#8221; icon_lib=&#8221;fontawesome&#8221; element_tag=&#8221;&#8221; title=&#8221;Adresse&#8221; css=&#8221;.vc_custom_1760003568175{border-bottom-width: 1px !important;padding-bottom: 30px !important;border-bottom-color: #f4f4f4 !important;border-bottom-style: solid !important;}&#8221;]Via G. Ceresa Rossetto 14,<br \/>\n10012 Bollengo (TO) &#8211; ITALY<br \/>\n[\/insight_icon_boxes][insight_icon_boxes display_icon=&#8221;&#8221; icon_lib=&#8221;fontawesome&#8221; element_tag=&#8221;&#8221; title=&#8221;T\u00e9l\u00e9phone&#8221; css=&#8221;.vc_custom_1760003554770{border-bottom-width: 1px !important;padding-bottom: 30px !important;border-bottom-color: #f4f4f4 !important;border-bottom-style: solid !important;}&#8221;]Tel. +39 0125 57107<br \/>\n[\/insight_icon_boxes][insight_icon_boxes display_icon=&#8221;&#8221; icon_lib=&#8221;fontawesome&#8221; element_tag=&#8221;&#8221; title=&#8221;Email&#8221; css=&#8221;.vc_custom_1593169141636{border-bottom-width: 1px !important;padding-bottom: 30px !important;border-bottom-color: #f4f4f4 !important;border-bottom-style: solid !important;}&#8221;]<br \/>\n<a href=\"mailto:commerciale@pastificiodestefano.it\">commerciale@pastificiodestefano.it<\/a><\/p>\n<p><a href=\"mailto:amministrazione@pastificiodestefano.it\">amministrazione@pastificiodestefano.it<\/a><\/p>\n<p>PEC: <a href=\"mailto:pastificiodestefano@legalmail.it\">pastificiodestefano@legalmail.it<\/a><\/p>\n<p>[\/insight_icon_boxes][insight_social social_links=&#8221;facebook|https:\/\/it-it.facebook.com\/pastadestefano\/ instagram|https:\/\/www.instagram.com\/pastificiodestefano\/&#8221; css=&#8221;.vc_custom_1588948940490{margin-bottom: 20px !important;}&#8221;][\/vc_column][vc_column width=&#8221;3\/4&#8243;]\n<div class=\"wpcf7 no-js\" id=\"wpcf7-f3387-o1\" lang=\"en-US\" dir=\"ltr\" data-wpcf7-id=\"3387\">\n<div class=\"screen-reader-response\"><p role=\"status\" aria-live=\"polite\" aria-atomic=\"true\"><\/p> <ul><\/ul><\/div>\n<form action=\"\/fr\/wp-json\/wp\/v2\/pages\/3381#wpcf7-f3387-o1\" method=\"post\" class=\"wpcf7-form init\" aria-label=\"Contact form\" novalidate=\"novalidate\" data-status=\"init\">\n<fieldset class=\"hidden-fields-container\"><input type=\"hidden\" name=\"_wpcf7\" value=\"3387\" \/><input type=\"hidden\" name=\"_wpcf7_version\" value=\"6.1.2\" \/><input type=\"hidden\" name=\"_wpcf7_locale\" value=\"en_US\" \/><input type=\"hidden\" name=\"_wpcf7_unit_tag\" value=\"wpcf7-f3387-o1\" \/><input type=\"hidden\" name=\"_wpcf7_container_post\" value=\"0\" \/><input type=\"hidden\" name=\"_wpcf7_posted_data_hash\" value=\"\" \/>\n<\/fieldset>\n<div class=\"row\">\n\t<div class=\"col-md-4 padding-right-half\">\n\t\t<p><span class=\"wpcf7-form-control-wrap\" data-name=\"your-name\"><input size=\"40\" maxlength=\"400\" class=\"wpcf7-form-control wpcf7-text wpcf7-validates-as-required\" aria-required=\"true\" aria-invalid=\"false\" placeholder=\"Nom et pr\u00e9nom\" value=\"\" type=\"text\" name=\"your-name\" \/><\/span>\n\t\t<\/p>\n\t<\/div>\n\t<div class=\"col-md-4\">\n\t\t<p><span class=\"wpcf7-form-control-wrap\" data-name=\"your-subject\"><input size=\"40\" maxlength=\"400\" class=\"wpcf7-form-control wpcf7-text\" aria-invalid=\"false\" placeholder=\"Objet\" value=\"\" type=\"text\" name=\"your-subject\" \/><\/span>\n\t\t<\/p>\n\t<\/div>\n\t<div class=\"col-md-4 padding-left-half\">\n\t\t<p><span class=\"wpcf7-form-control-wrap\" data-name=\"your-email\"><input size=\"40\" maxlength=\"400\" class=\"wpcf7-form-control wpcf7-email wpcf7-validates-as-required wpcf7-text wpcf7-validates-as-email\" aria-required=\"true\" aria-invalid=\"false\" placeholder=\"Email\" value=\"\" type=\"email\" name=\"your-email\" \/><\/span>\n\t\t<\/p>\n\t<\/div>\n<\/div>\n<div class=\"row\">\n\t<div class=\"col-md-12\">\n\t\t<p><span class=\"wpcf7-form-control-wrap\" data-name=\"your-message\"><textarea cols=\"40\" rows=\"10\" maxlength=\"2000\" class=\"wpcf7-form-control wpcf7-textarea wpcf7-validates-as-required\" aria-required=\"true\" aria-invalid=\"false\" placeholder=\"Message\" name=\"your-message\"><\/textarea><\/span>\n\t\t<\/p>\n\t<\/div>\n<\/div>\n<div class=\"row\">\n\t<div class=\"col-md-12\">\n\t\t<p><span class=\"wpcf7-form-control-wrap\" data-name=\"quiz-201\"><label><span class=\"wpcf7-quiz-label\">3+7=?<\/span> <input size=\"40\" class=\"wpcf7-form-control wpcf7-quiz\" autocomplete=\"off\" aria-required=\"true\" aria-invalid=\"false\" type=\"text\" name=\"quiz-201\" \/><\/label><input type=\"hidden\" name=\"_wpcf7_quiz_answer_quiz-201\" value=\"4d9e760d834095bd8e2b10f4e4063220\" \/><\/span>\n\t\t<\/p>\n\t<\/div>\n<\/div>\n<div class=\"row\">\n\t<div class=\"col-md-1\">\n\t\t<p><span class=\"wpcf7-form-control-wrap\" data-name=\"acceptance-754\"><span class=\"wpcf7-form-control wpcf7-acceptance\"><span class=\"wpcf7-list-item\"><input type=\"checkbox\" name=\"acceptance-754\" value=\"1\" aria-invalid=\"false\" \/><\/span><\/span><\/span>\n\t\t<\/p>\n\t<\/div>\n\t<div class=\"col-md-11\">\n\t\t<p><small><strong>INFORMATIONS conform\u00e9ment \u00e0 la <abbr title=\"General Data Protection Regulation\">GDPR<\/abbr> - R\u00e8glement UE 2016\/679.<\/strong><br \/>\nLes donn\u00e9es personnelles et\/ou d'entreprise saisies dans le formulaire seront utilis\u00e9es pour r\u00e9pondre aux questions des utilisateurs et fournir les informations demand\u00e9es.<br \/>\n<a href=\"https:\/\/www.iubenda.com\/privacy-policy\/22656519\" target=\"_blank\">Lire les informations sur la politique de confidentialit\u00e9<\/a><\/small>\n\t\t<\/p>\n\t<\/div>\n<\/div>\n<div class=\"row submit-container\">\n\t<div class=\"col-md-12\">\n\t\t<p><input class=\"wpcf7-form-control wpcf7-submit has-spinner btn btn-border-black\" type=\"submit\" value=\"Envoyer maintenant\" \/>\n\t\t<\/p>\n\t<\/div>\n<\/div><div class=\"wpcf7-response-output\" aria-hidden=\"true\"><\/div>\n<\/form>\n<\/div>\n[\/vc_column][\/vc_row][vc_row][vc_column][vc_raw_html]ICAgICA8c2NyaXB0IHNyYz0naHR0cHM6Ly9hcGkudGlsZXMubWFwYm94LmNvbS9tYXBib3gtZ2wtanMvdjEuMTEuMC9tYXBib3gtZ2wuanMnPjwvc2NyaXB0PjxsaW5rIGhyZWY9J2h0dHBzOi8vYXBpLnRpbGVzLm1hcGJveC5jb20vbWFwYm94LWdsLWpzL3YxLjExLjAvbWFwYm94LWdsLmNzcycgcmVsPSdzdHlsZXNoZWV0JyAvPjxzdHlsZT5ib2R5IHsKICAgICAgICBtYXJnaW46IDA7CiAgICAgICAgcGFkZGluZzogMDsKICAgICAgfQoKICAgICAgI21hcCB7CiAgICAgICAgdG9wOiAwOwogICAgICAgIGJvdHRvbTogMDsKICAgICAgICB3aWR0aDogMTAwJTsKaGVpZ2h0OjUwMHB4OwogICAgICB9CgogICAgLm1hcmtlciB7CiAgICAgIGJhY2tncm91bmQtaW1hZ2U6IHVybCgnaHR0cDovL3d3dy5wYXN0aWZpY2lvZGVzdGVmYW5vLml0L3dwLWNvbnRlbnQvdGhlbWVzL3RtLW9yZ2FuaWUtY2hpbGQvcGFnZS10ZW1wbGF0ZXMvbWFya2VyLWRlc3RlZmFuby5wbmcnKTsKICAgICAgYmFja2dyb3VuZC1zaXplOiBjb3ZlcjsKICAgICAgd2lkdGg6IDUwcHg7CiAgICAgIGhlaWdodDogNTBweDsKICAgICAgYm9yZGVyLXJhZGl1czogNTAlOwogICAgICBjdXJzb3I6IHBvaW50ZXI7CiAgICB9CgogICAgLm1hcGJveGdsLXBvcHVwIHsKICAgICAgbWF4LXdpZHRoOiAyMDBweDsKICAgIH0KCiAgICAubWFwYm94Z2wtcG9wdXAtY29udGVudCB7CiAgICAgIHRleHQtYWxpZ246IGNlbnRlcjsKICAgICAgZm9udC1mYW1pbHk6ICdPcGVuIFNhbnMnLCBzYW5zLXNlcmlmOwogICAgfQogICAgPC9zdHlsZT48ZGl2IGlkPSdtYXAnPjwvZGl2PjxzY3JpcHQ+bWFwYm94Z2wuYWNjZXNzVG9rZW4gPSAncGsuZXlKMUlqb2liV2xqYUdWc2IyTnZJaXdpWVNJNkltTnJZVEpzZVhwME16Qmlhbll6Ykc5bmJtZHNhalZtZUdJaWZRLkpNMTlFQ0I4azJITG9mb1Q2ZklZWlEnOwoKdmFyIG1hcCA9IG5ldyBtYXBib3hnbC5NYXAoewogIGNvbnRhaW5lcjogJ21hcCcsCiAgc3R5bGU6ICdtYXBib3g6Ly9zdHlsZXMvbWFwYm94L2xpZ2h0LXYxMCcsCiAgY2VudGVyOiBbNy45NDUyMjUyLCA0NS40Nzc3Njk5XSwKICB6b29tOiAxNCwKICBzY3JvbGxab29tOiB0cnVlCn0pOwoKLy8gY29kZSBmcm9tIHRoZSBuZXh0IHN0ZXAgd2lsbCBnbyBoZXJlIQp2YXIgZ2VvanNvbiA9IHsKICB0eXBlOiAnRmVhdHVyZUNvbGxlY3Rpb24nLAogIGZlYXR1cmVzOiBbewogICAgdHlwZTogJ0ZlYXR1cmUnLAogICAgZ2VvbWV0cnk6IHsKICAgICAgdHlwZTogJ1BvaW50JywKICAgICAgY29vcmRpbmF0ZXM6IFs3Ljk0NTIyNTIsIDQ1LjQ3Nzc2OTldCiAgICB9LAogICAgcHJvcGVydGllczogewogICAgICB0aXRsZTogJ1Bhc3RpZmljaW8gRGVzdGVmYW5vJywKICAgICAgZGVzY3JpcHRpb246ICdWaWEgRy4gQ2VyZXNhIFJvc3NldHRvIDE0LCAxMDAxMiBCb2xsZW5nbyAoVE8pIC0gSVRBTFknCiAgICB9CiAgfV0KfTsKCi8vIGFkZCBtYXJrZXJzIHRvIG1hcApnZW9qc29uLmZlYXR1cmVzLmZvckVhY2goZnVuY3Rpb24obWFya2VyKSB7CgogIC8vIGNyZWF0ZSBhIEhUTUwgZWxlbWVudCBmb3IgZWFjaCBmZWF0dXJlCiAgdmFyIGVsID0gZG9jdW1lbnQuY3JlYXRlRWxlbWVudCgnZGl2Jyk7CiAgZWwuY2xhc3NOYW1lID0gJ21hcmtlcic7CgogIC8vIG1ha2UgYSBtYXJrZXIgZm9yIGVhY2ggZmVhdHVyZSBhbmQgYWRkIHRvIHRoZSBtYXAKbmV3IG1hcGJveGdsLk1hcmtlcihlbCkKICAuc2V0TG5nTGF0KG1hcmtlci5nZW9tZXRyeS5jb29yZGluYXRlcykKICAuc2V0UG9wdXAobmV3IG1hcGJveGdsLlBvcHVwKHsgb2Zmc2V0OiAyNSB9KSAvLyBhZGQgcG9wdXBzCiAgICAuc2V0SFRNTCgnPGgzPicgKyBtYXJrZXIucHJvcGVydGllcy50aXRsZSArICc8L2gzPjxwPicgKyBtYXJrZXIucHJvcGVydGllcy5kZXNjcmlwdGlvbiArICc8L3A+JykpCiAgLmFkZFRvKG1hcCk7Cn0pOwoKLy8gQWRkIHpvb20gYW5kIHJvdGF0aW9uIGNvbnRyb2xzIHRvIHRoZSBtYXAuCm1hcC5hZGRDb250cm9sKG5ldyBtYXBib3hnbC5OYXZpZ2F0aW9uQ29udHJvbCgpKTsKCjwvc2NyaXB0Pg==[\/vc_raw_html][\/vc_column][\/vc_row]<\/p>\n","protected":false},"excerpt":{"rendered":"<p>[vc_row css=&#8221;.vc_custom_1476872491471{margin-bottom: 100px !important;}&#8221;][vc_column width=&#8221;1\/4&#8243;][insight_icon_boxes display_icon=&#8221;&#8221; icon_lib=&#8221;fontawesome&#8221; element_tag=&#8221;&#8221; title=&#8221;Adresse&#8221; css=&#8221;.vc_custom_1760003568175{border-bottom-width: 1px !important;padding-bottom: 30px !important;border-bottom-color: #f4f4f4 !important;border-bottom-style: solid !important;}&#8221;]Via G. Ceresa Rossetto 14, 10012 Bollengo (TO) &#8211; ITALY [\/insight_icon_boxes][insight_icon_boxes display_icon=&#8221;&#8221; icon_lib=&#8221;fontawesome&#8221; element_tag=&#8221;&#8221; title=&#8221;T\u00e9l\u00e9phone&#8221; css=&#8221;.vc_custom_1760003554770{border-bottom-width: 1px !important;padding-bottom: 30px !important;border-bottom-color: #f4f4f4 !important;border-bottom-style: solid !important;}&#8221;]Tel. +39 0125 57107 [\/insight_icon_boxes][insight_icon_boxes display_icon=&#8221;&#8221; icon_lib=&#8221;fontawesome&#8221; element_tag=&#8221;&#8221; title=&#8221;Email&#8221; css=&#8221;.vc_custom_1593169141636{border-bottom-width: 1px !important;padding-bottom: 30px !important;border-bottom-color: #f4f4f4&#8230;<\/p>\n","protected":false},"author":2,"featured_media":0,"parent":0,"menu_order":0,"comment_status":"closed","ping_status":"closed","template":"","meta":{"wprm-recipe-roundup-name":[],"wprm-recipe-roundup-description":[],"footnotes":""},"class_list":["post-3381","page","type-page","status-publish","hentry"],"aioseo_notices":[],"_links":{"self":[{"href":"https:\/\/www.pastificiodestefano.it\/fr\/wp-json\/wp\/v2\/pages\/3381","targetHints":{"allow":["GET"]}}],"collection":[{"href":"https:\/\/www.pastificiodestefano.it\/fr\/wp-json\/wp\/v2\/pages"}],"about":[{"href":"https:\/\/www.pastificiodestefano.it\/fr\/wp-json\/wp\/v2\/types\/page"}],"author":[{"embeddable":true,"href":"https:\/\/www.pastificiodestefano.it\/fr\/wp-json\/wp\/v2\/users\/2"}],"replies":[{"embeddable":true,"href":"https:\/\/www.pastificiodestefano.it\/fr\/wp-json\/wp\/v2\/comments?post=3381"}],"version-history":[{"count":6,"href":"https:\/\/www.pastificiodestefano.it\/fr\/wp-json\/wp\/v2\/pages\/3381\/revisions"}],"predecessor-version":[{"id":3400,"href":"https:\/\/www.pastificiodestefano.it\/fr\/wp-json\/wp\/v2\/pages\/3381\/revisions\/3400"}],"wp:attachment":[{"href":"https:\/\/www.pastificiodestefano.it\/fr\/wp-json\/wp\/v2\/media?parent=3381"}],"curies":[{"name":"wp","href":"https:\/\/api.w.org\/{rel}","templated":true}]}}