{"id":3401,"date":"2025-10-09T12:19:17","date_gmt":"2025-10-09T10:19:17","guid":{"rendered":"https:\/\/www.pastificiodestefano.it\/usine-de-pates-destefano\/"},"modified":"2025-10-23T13:54:06","modified_gmt":"2025-10-23T11:54:06","slug":"usine-de-pates-destefano","status":"publish","type":"page","link":"https:\/\/www.pastificiodestefano.it\/fr\/","title":{"rendered":"Usine de p\u00e2tes Destefano"},"content":{"rendered":"<p>[vc_row full_width=&#8221;stretch_row_content_no_spaces&#8221; css=&#8221;.vc_custom_1579790197842{margin-bottom: 0px !important;padding-bottom: 0px !important;}&#8221;][vc_column][rev_slider_vc alias=&#8221;homepage-hero-en-1&#8243;][\/vc_column][\/vc_row][vc_row full_width=&#8221;stretch_row&#8221; content_placement=&#8221;middle&#8221; css=&#8221;.vc_custom_1580204363200{margin-top: 0px !important;padding-top: 0px !important;padding-bottom: 40px !important;background: #ebe9ea url(http:\/\/www.pastificiodestefano.it\/wp-content\/uploads\/2013\/06\/bg_pastificio-destefano-spezie.jpg?id=1404) !important;background-position: 0 0 !important;background-repeat: no-repeat !important;}&#8221; el_class=&#8221;bg-center-bottom&#8221;][vc_column css=&#8221;.vc_custom_1481353009321{padding-top: 0px !important;}&#8221;][vc_single_image image=&#8221;1365&#8243; img_size=&#8221;full&#8221; alignment=&#8221;center&#8221; css=&#8221;.vc_custom_1579793126158{margin-top: -40px !important;margin-bottom: 0px !important;}&#8221;][vc_empty_space height=&#8221;80px&#8221;][vc_row_inner][vc_column_inner width=&#8221;1\/2&#8243;][vc_custom_heading text=&#8221;D\u00e9couvrez notre s\u00e9lection&#8221; font_container=&#8221;tag:div|font_size:16|text_align:center|color:%235e462c|line_height:1&#8243; use_theme_fonts=&#8221;&#8221; google_fonts=&#8221;font_family:Playfair%20Display%3Aregular%2Citalic%2C700%2C700italic%2C900%2C900italic|font_style:400%20italic%3A400%3Aitalic&#8221; font_weight=&#8221;700&#8243; letter_spacing=&#8221;.2em&#8221;][vc_empty_space height=&#8221;30px&#8221;][vc_custom_heading text=&#8221;Les produits&#8221; font_container=&#8221;tag:div|font_size:60|text_align:center|color:%235e462c|line_height:48px&#8221; text_transform=&#8221;uppercase&#8221; font_weight=&#8221;600&#8243; letter_spacing=&#8221;.01em&#8221; el_class=&#8221;title-big&#8221;][vc_empty_space height=&#8221;20px&#8221;][vc_custom_heading text=&#8221;\u2013 Go\u00fbt &amp; Qualit\u00e9 \u2013&#8221; font_container=&#8221;tag:div|font_size:24|text_align:center|color:%235e462c|line_height:1&#8243; use_theme_fonts=&#8221;&#8221; google_fonts=&#8221;font_family:Playfair%20Display%3Aregular%2Citalic%2C700%2C700italic%2C900%2C900italic|font_style:400%20italic%3A400%3Aitalic&#8221; font_weight=&#8221;700&#8243; letter_spacing=&#8221;.02em&#8221;][vc_empty_space height=&#8221;30px&#8221;][vc_custom_heading text=&#8221;Des classiques de la tradition aux sp\u00e9cialit\u00e9s saisonni\u00e8res uniques. D\u00e9couvrez votre nouveau pr\u00e9f\u00e9r\u00e9.&#8221; font_container=&#8221;tag:div|font_size:15px|text_align:center|color:%23696969|line_height:26px&#8221; font_weight=&#8221;400&#8243;][vc_empty_space height=&#8221;30px&#8221;][insight_flower_button color=&#8221;primary&#8221; align=&#8221;center&#8221; link=&#8221;url:%2Ffr%2Fproduits%2F|title:En%20savoir%20plus||&#8221;][vc_empty_space height=&#8221;110px&#8221;][vc_single_image image=&#8221;3461&#8243; img_size=&#8221;full&#8221; onclick=&#8221;custom_link&#8221; css=&#8221;.vc_custom_1760961120637{margin-bottom: 0px !important;}&#8221; link=&#8221;\/ricette&#8221;][vc_empty_space height=&#8221;60px&#8221;][\/vc_column_inner][vc_column_inner width=&#8221;1\/2&#8243;][vc_single_image image=&#8221;3915&#8243; img_size=&#8221;full&#8221; alignment=&#8221;right&#8221; onclick=&#8221;custom_link&#8221; css=&#8221;.vc_custom_1761220441319{margin-bottom: 0px !important;}&#8221; link=&#8221;\/fr\/la-maison-destefano\/&#8221;][vc_empty_space height=&#8221;110px&#8221;][vc_custom_heading text=&#8221;Nous combinons ma\u00eetrise et cr\u00e9ativit\u00e9 avec les techniques de production les plus modernes&#8221; font_container=&#8221;tag:div|font_size:40|text_align:center|color:%235e462c|line_height:1&#8243; use_theme_fonts=&#8221;&#8221; google_fonts=&#8221;font_family:Playfair%20Display%3Aregular%2Citalic%2C700%2C700italic%2C900%2C900italic|font_style:400%20italic%3A400%3Aitalic&#8221; font_weight=&#8221;&#8221; letter_spacing=&#8221;.02em&#8221;][vc_empty_space height=&#8221;30px&#8221;][vc_raw_html]JTNDZGl2JTIwY2xhc3MlM0QlMjJ3cGJfdmlkZW9fd2lkZ2V0JTIwd3BiX2NvbnRlbnRfZWxlbWVudCUyMHZjX2NsZWFyZml4JTIwdmNfdmlkZW8tYXNwZWN0LXJhdGlvLTE2OSUyMHZjX3ZpZGVvLWVsLXdpZHRoLTkwJTIwdmNfdmlkZW8tYWxpZ24tY2VudGVyJTIyJTNFJTBBJTNDZGl2JTIwY2xhc3MlM0QlMjJ3cGJfd3JhcHBlciUyMiUzRSUwQSUzQ2RpdiUyMGNsYXNzJTNEJTIyd3BiX3ZpZGVvX3dyYXBwZXIlMjIlM0UlM0NpZnJhbWUlMjB0aXRsZSUzRCUyMmNob3UlMjBmcmlzJUMzJUE5JTIyJTIwc3JjJTNEJTIyaHR0cHMlM0ElMkYlMkZ3d3cueW91dHViZS5jb20lMkZlbWJlZCUyRlN6eXpCb216aVdjJTNGc2klM0Rld1hkTHZjRkx6NXVmUU5XJTNGZmVhdHVyZSUzRG9lbWJlZCUyNmFtcCUzQnJlbCUzRDAlMjZhbXAlM0Jjb250cm9scyUzRDAlMjIlMjB3aWR0aCUzRCUyMjY0MCUyMiUyMGhlaWdodCUzRCUyMjM2MCUyMiUyMGZyYW1lYm9yZGVyJTNEJTIyMCUyMiUyMGFsbG93ZnVsbHNjcmVlbiUzRCUyMmFsbG93ZnVsbHNjcmVlbiUyMiUzRSUzQyUyRmlmcmFtZSUzRSUzQyUyRmRpdiUzRSUwQSUzQyUyRmRpdiUzRSUwQSUzQyUyRmRpdiUzRQ==[\/vc_raw_html][vc_empty_space height=&#8221;30px&#8221;][\/vc_column_inner][\/vc_row_inner][\/vc_column][\/vc_row][vc_row full_width=&#8221;stretch_row&#8221; content_placement=&#8221;middle&#8221; css=&#8221;.vc_custom_1580207000480{background: #ffffff url(http:\/\/www.pastificiodestefano.it\/wp-content\/uploads\/2013\/06\/bg_pastificio-destefano-pasta.jpg?id=1409) !important;background-position: 0 0 !important;background-repeat: no-repeat !important;}&#8221; el_class=&#8221;bg-center-top&#8221;][vc_column][vc_empty_space height=&#8221;60px&#8221;][vc_custom_heading text=&#8221;Nos Produits&#8221; font_container=&#8221;tag:h2|text_align:center|color:%235e462c&#8221; special_style=&#8221;title-with-lines&#8221; text_transform=&#8221;uppercase&#8221; font_weight=&#8221;&#8221;][vc_empty_space height=&#8221;40px&#8221;][vc_row_inner][vc_column_inner width=&#8221;1\/3&#8243;][insight_featured_category style_box=&#8221;cake-style&#8221; image=&#8221;1387&#8243; el_class=&#8221;t1&#8243;][insight_featured_category style_box=&#8221;cake-style&#8221; category=&#8221;agnolotti-del-plin&#8221; image=&#8221;1385&#8243; el_class=&#8221;t2&#8243;][\/vc_column_inner][vc_column_inner width=&#8221;1\/3&#8243;][insight_featured_category style_box=&#8221;cake-style&#8221; category=&#8221;pasta-fresca-stagionale&#8221; image=&#8221;1389&#8243;][insight_featured_category style_box=&#8221;cake-style&#8221; category=&#8221;gnocchi&#8221; image=&#8221;1388&#8243;][insight_featured_category style_box=&#8221;cake-style&#8221; category=&#8221;ravioli-di-selvaggina&#8221; image=&#8221;1390&#8243;][\/vc_column_inner][vc_column_inner width=&#8221;1\/3&#8243;][insight_featured_category style_box=&#8221;cake-style&#8221; category=&#8221;pasta-artigianale-con-ripieni-speciali&#8221; image=&#8221;1393&#8243; el_class=&#8221;t2&#8243;][insight_featured_category style_box=&#8221;cake-style&#8221; category=&#8221;pasta-fresca-uovo&#8221; image=&#8221;1394&#8243; el_class=&#8221;t1&#8243;][\/vc_column_inner][\/vc_row_inner][vc_empty_space height=&#8221;30px&#8221;][\/vc_column][\/vc_row][vc_row full_width=&#8221;stretch_row_content_no_spaces&#8221;][vc_column][vc_raw_html]PGRpdiBpZD0iZm9vdGVyLW5ld3NsZXR0ZXIiIGNsYXNzPSJmb290ZXItbmV3c2xldHRlciBmb290ZXItbmV3c2xldHRlci1zdHlsZTAxICIgc3R5bGU9ImJhY2tncm91bmQtaW1hZ2U6IHVybCgnL3dwLWNvbnRlbnQvdXBsb2Fkcy8yMDEzLzA2L2JnX3NvY2lhbC1kZXN0ZWZhbm8tMS5qcGcnOyIgZGF0YS1iZz0iL3dwLWNvbnRlbnQvdXBsb2Fkcy8yMDEzLzA2L2JnX3NvY2lhbC1kZXN0ZWZhbm8tMS5qcGciPg0KPGRpdiBjbGFzcz0iY29udGFpbmVyIj4NCjxkaXYgY2xhc3M9InJvdyByb3cteHMtY2VudGVyIj4NCjxkaXYgY2xhc3M9ImNvbC1tZC02IGZvb3Rlci1uZXdzbGV0dGVyLWxlZnQgdGV4dC1jZW50ZXIiPkFwcGVsIMOgIHN1aXZyZSBzdXIgbGVzIHLDqXNlYXV4IHNvY2lhdXg8L2Rpdj4NCjxkaXYgY2xhc3M9ImNvbC1tZC02IGZvb3Rlci1uZXdzbGV0dGVyLXJpZ2h0IHRleHQtY2VudGVyIj4NCjx1bCBjbGFzcz0iaW5zaWdodC1zb2NpYWwiPg0KIAk8bGkgY2xhc3M9ImZhY2Vib29rIGhpbnQtLXRvcCBoaW50LS1ib3VuY2UgaGludC0tc3VjY2VzcyIgc3R5bGU9Im1hcmdpbi1yaWdodDogNTBweDsiIGFyaWEtbGFiZWw9IkZhY2Vib29rIj48YSBzdHlsZT0id2lkdGg6IDkwcHg7IGhlaWdodDogOTBweDsgbGluZS1oZWlnaHQ6IDg4cHggIWltcG9ydGFudDsgZm9udC1zaXplOiA1NHB4OyBib3JkZXItcmFkaXVzOiA1MHB4OyIgaHJlZj0iaHR0cHM6Ly9pdC1pdC5mYWNlYm9vay5jb20vcGFzdGFkZXN0ZWZhbm8vIiB0YXJnZXQ9Il9ibGFuayIgcmVsPSJub29wZW5lciI+DQo8aSBjbGFzcz0iZmEgZmEtZmFjZWJvb2siPjwvaT4NCjwvYT48L2xpPg0KIAk8bGkgY2xhc3M9Imluc3RhZ3JhbSBoaW50LS10b3AgaGludC0tYm91bmNlIGhpbnQtLXN1Y2Nlc3MiIGFyaWEtbGFiZWw9Ikluc3RhZ3JhbSI+PGEgc3R5bGU9IndpZHRoOiA5MHB4OyBoZWlnaHQ6IDkwcHg7IGxpbmUtaGVpZ2h0OiA4OHB4ICFpbXBvcnRhbnQ7IGZvbnQtc2l6ZTogNTRweDsgYm9yZGVyLXJhZGl1czogNTBweDsiIGhyZWY9Imh0dHBzOi8vd3d3Lmluc3RhZ3JhbS5jb20vcGFzdGlmaWNpb2Rlc3RlZmFuby8iIHRhcmdldD0iX2JsYW5rIiByZWw9Im5vb3BlbmVyIj4NCjxpIGNsYXNzPSJmYSBmYS1pbnN0YWdyYW0iPjwvaT4NCjwvYT48L2xpPg0KPC91bD4NCjwvZGl2Pg0KPC9kaXY+DQo8L2Rpdj4NCjwvZGl2Pg==[\/vc_raw_html][\/vc_column][\/vc_row][vc_row full_width=&#8221;stretch_row_content&#8221; el_class=&#8221;bg-center&#8221; css=&#8221;.vc_custom_1580224459386{padding-top: 0px !important;background-position: 0 0 !important;background-repeat: no-repeat !important;}&#8221;][vc_column css=&#8221;.vc_custom_1580224533243{padding-top: 0px !important;}&#8221;][vc_empty_space height=&#8221;30px&#8221;][vc_custom_heading text=&#8221;Meilleures ventes&#8221; font_container=&#8221;tag:h2|text_align:center|color:%235e462c&#8221; special_style=&#8221;title-with-lines&#8221; text_transform=&#8221;uppercase&#8221; font_weight=&#8221;&#8221;][vc_custom_heading text=&#8221;-Vos favoris-&#8221; font_container=&#8221;tag:div|font_size:16|text_align:center|color:%235e462c&#8221; use_theme_fonts=&#8221;&#8221; google_fonts=&#8221;font_family:Playfair%20Display%3Aregular%2Citalic%2C700%2C700italic%2C900%2C900italic|font_style:400%20italic%3A400%3Aitalic&#8221; font_weight=&#8221;&#8221;][vc_empty_space height=&#8221;20px&#8221;][insight_product_carousel categories=&#8221;agnolotti-classici,agnolotti-del-plin,pasta-fresca-stagionale,pasta-artigianale-con-ripieni-speciali,pasta-fresca-uovo,gnocchi&#8221; product_type=&#8221;featured_products&#8221; order_by=&#8221;&#8221; order=&#8221;&#8221; show_dots=&#8221;no&#8221; slide_to_show=&#8221;5&#8243; number=&#8221;0&#8243;][vc_empty_space height=&#8221;20px&#8221;][\/vc_column][\/vc_row]<\/p>\n","protected":false},"excerpt":{"rendered":"<p>[vc_row full_width=&#8221;stretch_row_content_no_spaces&#8221; css=&#8221;.vc_custom_1579790197842{margin-bottom: 0px !important;padding-bottom: 0px !important;}&#8221;][vc_column][rev_slider_vc alias=&#8221;homepage-hero-en-1&#8243;][\/vc_column][\/vc_row][vc_row full_width=&#8221;stretch_row&#8221; content_placement=&#8221;middle&#8221; css=&#8221;.vc_custom_1580204363200{margin-top: 0px !important;padding-top: 0px !important;padding-bottom: 40px !important;background: #ebe9ea url(http:\/\/www.pastificiodestefano.it\/wp-content\/uploads\/2013\/06\/bg_pastificio-destefano-spezie.jpg?id=1404) !important;background-position: 0 0 !important;background-repeat: no-repeat !important;}&#8221; el_class=&#8221;bg-center-bottom&#8221;][vc_column css=&#8221;.vc_custom_1481353009321{padding-top: 0px !important;}&#8221;][vc_single_image image=&#8221;1365&#8243; img_size=&#8221;full&#8221; alignment=&#8221;center&#8221; css=&#8221;.vc_custom_1579793126158{margin-top: -40px !important;margin-bottom: 0px !important;}&#8221;][vc_empty_space height=&#8221;80px&#8221;][vc_row_inner][vc_column_inner width=&#8221;1\/2&#8243;][vc_custom_heading text=&#8221;D\u00e9couvrez notre s\u00e9lection&#8221; font_container=&#8221;tag:div|font_size:16|text_align:center|color:%235e462c|line_height:1&#8243; use_theme_fonts=&#8221;&#8221; google_fonts=&#8221;font_family:Playfair%20Display%3Aregular%2Citalic%2C700%2C700italic%2C900%2C900italic|font_style:400%20italic%3A400%3Aitalic&#8221; font_weight=&#8221;700&#8243; letter_spacing=&#8221;.2em&#8221;][vc_empty_space height=&#8221;30px&#8221;][vc_custom_heading text=&#8221;Les produits&#8221; font_container=&#8221;tag:div|font_size:60|text_align:center|color:%235e462c|line_height:48px&#8221; text_transform=&#8221;uppercase&#8221; font_weight=&#8221;600&#8243; letter_spacing=&#8221;.01em&#8221; el_class=&#8221;title-big&#8221;][vc_empty_space&#8230;<\/p>\n","protected":false},"author":2,"featured_media":0,"parent":0,"menu_order":0,"comment_status":"closed","ping_status":"closed","template":"","meta":{"wprm-recipe-roundup-name":[],"wprm-recipe-roundup-description":[],"footnotes":""},"class_list":["post-3401","page","type-page","status-publish","hentry"],"aioseo_notices":[],"_links":{"self":[{"href":"https:\/\/www.pastificiodestefano.it\/fr\/wp-json\/wp\/v2\/pages\/3401","targetHints":{"allow":["GET"]}}],"collection":[{"href":"https:\/\/www.pastificiodestefano.it\/fr\/wp-json\/wp\/v2\/pages"}],"about":[{"href":"https:\/\/www.pastificiodestefano.it\/fr\/wp-json\/wp\/v2\/types\/page"}],"author":[{"embeddable":true,"href":"https:\/\/www.pastificiodestefano.it\/fr\/wp-json\/wp\/v2\/users\/2"}],"replies":[{"embeddable":true,"href":"https:\/\/www.pastificiodestefano.it\/fr\/wp-json\/wp\/v2\/comments?post=3401"}],"version-history":[{"count":31,"href":"https:\/\/www.pastificiodestefano.it\/fr\/wp-json\/wp\/v2\/pages\/3401\/revisions"}],"predecessor-version":[{"id":3926,"href":"https:\/\/www.pastificiodestefano.it\/fr\/wp-json\/wp\/v2\/pages\/3401\/revisions\/3926"}],"wp:attachment":[{"href":"https:\/\/www.pastificiodestefano.it\/fr\/wp-json\/wp\/v2\/media?parent=3401"}],"curies":[{"name":"wp","href":"https:\/\/api.w.org\/{rel}","templated":true}]}}