{"id":3871,"date":"2025-10-14T16:35:44","date_gmt":"2025-10-14T14:35:44","guid":{"rendered":"https:\/\/www.pastificiodestefano.it\/paquet\/"},"modified":"2025-10-14T16:35:44","modified_gmt":"2025-10-14T14:35:44","slug":"paquet","status":"publish","type":"page","link":"https:\/\/www.pastificiodestefano.it\/fr\/paquet\/","title":{"rendered":"Paquet"},"content":{"rendered":"<h2>Barquettes<\/h2>\nLes produits sont conditionn\u00e9s dans des barquettes en polypropyl\u00e8ne, adapt\u00e9es au contact alimentaire conform\u00e9ment au R\u00e8glement UE 2023\/2006 et modifications ult\u00e9rieures et au R\u00e8glement UE 10\/2011 et modifications ult\u00e9rieures sous atmosph\u00e8re modifi\u00e9e. \n<div class=\"row\" style=\"background-color: #fbfbfb; padding:15px 10px;\">\n<div class=\"col-md-4\"><img decoding=\"async\" title=\"Barquette 250g\/300g - Pastificio Destefano\" src=\"\/wp-content\/uploads\/2013\/06\/vaschetta300gr-pastificio-destefano.jpg\" alt=\"Barquette 250g\/300g - Pastificio Destefano\"\/>\nBARQUETTE 250g<br\/>Barquettes par cartons: 6\/8 pc<br\/>Cartons par palette: 56 pc<\/div>\n<div class=\"col-md-4\"><img decoding=\"async\" title=\"Barquette 500g - Pastificio Destefano\" src=\"\/wp-content\/uploads\/2013\/06\/vaschetta500gr-pastificio-destefano.jpg\" alt=\"Barquette 500g - Pastificio Destefano\"\/>\nBARQUETTE 500g<br\/>Barquettes par cartons: 10pc<br\/>Cartons par palette: 60pc<\/div>\n<div class=\"col-md-4\"><img decoding=\"async\" title=\"Barquette 1000g - Pastificio Destefano\" src=\"\/wp-content\/uploads\/2013\/06\/vaschetta1000gr-pastificio-destefano.jpg\" alt=\"Barquette 1000g - Pastificio Destefano\"\/>\nBARQUETTE 1000gr<br\/>Barquettes par cartons: 5pc<br\/>Cartons par palette: 60pc<\/div>\n<\/div>\n \n<div class=\"row\">\n<div class=\"col-md-6\">\n<h2>Palletes<\/h2>\nNous utilisons des pallettes EUR\/EPAL de<br\/>dimension standard 80 x 120 Cm.\n\n<\/div>\n<div class=\"col-md-6\"><img decoding=\"async\" title=\"Palettes d'exp&#xE9;dition - Pastificio Destefano\" src=\"\/wp-content\/uploads\/2013\/06\/pallet-ingombri-spedizioni-pastificio-destefano.jpg\" alt=\"Palettes d'exp&#xE9;dition - Pastificio Destefano\"\/><\/div>\n<\/div>","protected":false},"excerpt":{"rendered":"<p>Barquettes Les produits sont conditionn\u00e9s dans des barquettes en polypropyl\u00e8ne, adapt\u00e9es au contact alimentaire conform\u00e9ment au R\u00e8glement UE 2023\/2006 et modifications ult\u00e9rieures et au R\u00e8glement UE 10\/2011 et modifications ult\u00e9rieures sous atmosph\u00e8re modifi\u00e9e. BARQUETTE 250gBarquettes par cartons: 6\/8 pcCartons par palette: 56 pc BARQUETTE 500gBarquettes par cartons: 10pcCartons par palette: 60pc BARQUETTE 1000grBarquettes par cartons:&#8230;<\/p>\n","protected":false},"author":2,"featured_media":0,"parent":0,"menu_order":0,"comment_status":"closed","ping_status":"closed","template":"","meta":{"wprm-recipe-roundup-name":[],"wprm-recipe-roundup-description":[],"footnotes":""},"class_list":["post-3871","page","type-page","status-publish","hentry"],"aioseo_notices":[],"_links":{"self":[{"href":"https:\/\/www.pastificiodestefano.it\/fr\/wp-json\/wp\/v2\/pages\/3871","targetHints":{"allow":["GET"]}}],"collection":[{"href":"https:\/\/www.pastificiodestefano.it\/fr\/wp-json\/wp\/v2\/pages"}],"about":[{"href":"https:\/\/www.pastificiodestefano.it\/fr\/wp-json\/wp\/v2\/types\/page"}],"author":[{"embeddable":true,"href":"https:\/\/www.pastificiodestefano.it\/fr\/wp-json\/wp\/v2\/users\/2"}],"replies":[{"embeddable":true,"href":"https:\/\/www.pastificiodestefano.it\/fr\/wp-json\/wp\/v2\/comments?post=3871"}],"version-history":[{"count":1,"href":"https:\/\/www.pastificiodestefano.it\/fr\/wp-json\/wp\/v2\/pages\/3871\/revisions"}],"predecessor-version":[{"id":3872,"href":"https:\/\/www.pastificiodestefano.it\/fr\/wp-json\/wp\/v2\/pages\/3871\/revisions\/3872"}],"wp:attachment":[{"href":"https:\/\/www.pastificiodestefano.it\/fr\/wp-json\/wp\/v2\/media?parent=3871"}],"curies":[{"name":"wp","href":"https:\/\/api.w.org\/{rel}","templated":true}]}}