{"id":3999,"date":"2025-10-30T11:13:47","date_gmt":"2025-10-30T10:13:47","guid":{"rendered":"https:\/\/www.pastificiodestefano.it\/certifications\/"},"modified":"2025-10-30T11:13:49","modified_gmt":"2025-10-30T10:13:49","slug":"certifications","status":"publish","type":"page","link":"https:\/\/www.pastificiodestefano.it\/fr\/certifications\/","title":{"rendered":"Certifications"},"content":{"rendered":"<p>[vc_row][vc_column width=&#8221;2\/3&#8243;][vc_column_text]La qualit\u00e9 des produits du Pastificio Destefano est garantie par plus de <a href=\"https:\/\/www.pastificiodestefano.it\/fr\/la-maison-destefano\/\">75 ans d&#8217;exp\u00e9rience transmise de g\u00e9n\u00e9ration en g\u00e9n\u00e9ration<\/a>, et par une d\u00e9marche constante de certification.<\/p>\n<p>Aujourd&#8217;hui, le Pastificio Destefano est certifi\u00e9 FSSC 22000, l&#8217;un des principaux syst\u00e8mes de certification de la qualit\u00e9 au niveau international dans les secteurs de la production, du stockage, de la distribution, de la restauration et du commerce de d\u00e9tail et de gros de produits alimentaires.[\/vc_column_text][vc_custom_heading text=&#8221;L\u2019obtention de cette nouvelle certification est pour nous une grande fiert\u00e9 ; elle refl\u00e8te notre philosophie qui vise \u00e0 cr\u00e9er des produits en accord avec des choix de vie responsables et respectueux : \u00ab <strong>ce n\u2019est pas de la consommation, c\u2019est de la nutrition<\/strong> \u00bb.&#8221; font_container=&#8221;tag:div|font_size:24|text_align:left|color:%23333333|line_height:2em&#8221; use_theme_fonts=&#8221;&#8221; google_fonts=&#8221;font_family:Playfair%20Display%3Aregular%2Citalic%2C700%2C700italic%2C900%2C900italic|font_style:400%20italic%3A400%3Aitalic&#8221; font_weight=&#8221;&#8221; el_class=&#8221;mw-720&#8243; letter_spacing=&#8221;.1em&#8221;][\/vc_column][vc_column width=&#8221;1\/3&#8243;][vc_single_image image=&#8221;3810&#8243; img_size=&#8221;large&#8221; onclick=&#8221;link_image&#8221;][vc_column_text]<\/p>\n<p style=\"text-align: center;\"><a href=\"\/downloads\/Certificate%20IT326986_PASTIFICIO%20DESTEFANO%20SRL%20FSSC%20REV1.pdf\" target=\"_blank\" rel=\"noopener noreferrer\">Certificat &#8211; FSSC 22000<\/a><\/p>\n<p>[\/vc_column_text][vc_empty_space][\/vc_column][\/vc_row][vc_row][vc_column width=&#8221;1\/2&#8243;][vc_empty_space][vc_single_image image=&#8221;2957&#8243; img_size=&#8221;&#8221; alignment=&#8221;center&#8221; onclick=&#8221;custom_link&#8221; img_link_target=&#8221;_blank&#8221; link=&#8221;\/downloads\/Attestato-sostenibilita-energetica_20230628111433.pdf&#8221;][vc_column_text]<\/p>\n<p style=\"text-align: center;\"><a href=\"\/downloads\/Attestato-sostenibilita-energetica_20230628111433.pdf\" target=\"_blank\" rel=\"noopener noreferrer\">Certificat de durabilit\u00e9 \u00e9nerg\u00e9tique<\/a><\/p>\n<p>[\/vc_column_text][\/vc_column][vc_column width=&#8221;1\/2&#8243;][vc_custom_heading text=&#8221;Pastificio Destefano : <strong>Une entreprise vertueuse pour la durabilit\u00e9 \u00e9nerg\u00e9tique<\/strong>&#8221; font_container=&#8221;tag:div|font_size:24|text_align:left|color:%23333333|line_height:2em&#8221; use_theme_fonts=&#8221;&#8221; google_fonts=&#8221;font_family:Playfair%20Display%3Aregular%2Citalic%2C700%2C700italic%2C900%2C900italic|font_style:400%20italic%3A400%3Aitalic&#8221; font_weight=&#8221;&#8221;][vc_column_text]Pastificio Destefano a brillamment r\u00e9ussi l&#8217;\u00e9valuation de durabilit\u00e9 des entreprises de <strong>Repower<\/strong>, obtenant ainsi le certificat d&#8217;excellence (<a href=\"https:\/\/www.repower.com\/it\/homo-mobilis\/\" target=\"_blank\" rel=\"noopener nofollow noreferrer\">www.repower.com<\/a>).<\/p>\n<p>En effet, nous avons particip\u00e9 \u00e0 l&#8217;enqu\u00eate qualitative visant \u00e0 mesurer l&#8217;<em>indice de durabilit\u00e9 \u00e9nerg\u00e9tique<\/em> : approvisionnement \u00e9nerg\u00e9tique, optimisation de la consommation, pr\u00e9vention et s\u00e9curit\u00e9, \u00e9clairage, interventions sur le syst\u00e8me et mobilit\u00e9 \u00e9lectrique.[\/vc_column_text][\/vc_column][\/vc_row]<\/p>\n","protected":false},"excerpt":{"rendered":"<p>[vc_row][vc_column width=&#8221;2\/3&#8243;][vc_column_text]La qualit\u00e9 des produits du Pastificio Destefano est garantie par plus de 75 ans d&#8217;exp\u00e9rience transmise de g\u00e9n\u00e9ration en g\u00e9n\u00e9ration, et par une d\u00e9marche constante de certification. Aujourd&#8217;hui, le Pastificio Destefano est certifi\u00e9 FSSC 22000, l&#8217;un des principaux syst\u00e8mes de certification de la qualit\u00e9 au niveau international dans les secteurs de la production, du&#8230;<\/p>\n","protected":false},"author":2,"featured_media":0,"parent":0,"menu_order":0,"comment_status":"closed","ping_status":"closed","template":"","meta":{"wprm-recipe-roundup-name":[],"wprm-recipe-roundup-description":[],"footnotes":""},"class_list":["post-3999","page","type-page","status-publish","hentry"],"aioseo_notices":[],"_links":{"self":[{"href":"https:\/\/www.pastificiodestefano.it\/fr\/wp-json\/wp\/v2\/pages\/3999","targetHints":{"allow":["GET"]}}],"collection":[{"href":"https:\/\/www.pastificiodestefano.it\/fr\/wp-json\/wp\/v2\/pages"}],"about":[{"href":"https:\/\/www.pastificiodestefano.it\/fr\/wp-json\/wp\/v2\/types\/page"}],"author":[{"embeddable":true,"href":"https:\/\/www.pastificiodestefano.it\/fr\/wp-json\/wp\/v2\/users\/2"}],"replies":[{"embeddable":true,"href":"https:\/\/www.pastificiodestefano.it\/fr\/wp-json\/wp\/v2\/comments?post=3999"}],"version-history":[{"count":3,"href":"https:\/\/www.pastificiodestefano.it\/fr\/wp-json\/wp\/v2\/pages\/3999\/revisions"}],"predecessor-version":[{"id":4002,"href":"https:\/\/www.pastificiodestefano.it\/fr\/wp-json\/wp\/v2\/pages\/3999\/revisions\/4002"}],"wp:attachment":[{"href":"https:\/\/www.pastificiodestefano.it\/fr\/wp-json\/wp\/v2\/media?parent=3999"}],"curies":[{"name":"wp","href":"https:\/\/api.w.org\/{rel}","templated":true}]}}