{"id":2319,"date":"2020-07-09T18:11:38","date_gmt":"2020-07-09T16:11:38","guid":{"rendered":"http:\/\/www.pastificiodestefano.it\/prodotto\/agnolotti-del-plin-cappone\/"},"modified":"2025-10-24T16:12:46","modified_gmt":"2025-10-24T14:12:46","slug":"agnolotti-del-plin-chapon","status":"publish","type":"product","link":"https:\/\/www.pastificiodestefano.it\/fr\/produit\/agnolotti-del-plin-chapon\/","title":{"rendered":"Agnolotti del plin al chapon"},"content":{"rendered":"<h2>Ingr\u00e9dients<\/h2>\n<p>Farce 56% : rago\u00fbt de chapon [chapon 36%, poulet, oignons, carottes, vin (contient du SULFITES), ar\u00f4mes naturels, sel, herbes aromatiques, ail], chapelure (farine de BL\u00c9 tendre type &#8220;0&#8221;, levure de bi\u00e8re, sel), fromages (contient du LAIT), Grana Padano DOP (LAIT, sel, pr\u00e9sure, conservateur : lysozyme de l&#8217;OEUF), ar\u00f4mes naturels, sel, \u00e9pices.<br \/>\nP\u00e2tes 44% :<br \/>farine de BL\u00c9 tendre type &#8220;00&#8221;, semoule de BL\u00c9 dur, OEUFS<br \/>20% (9% du total), eau.<br \/>\nSaupoudrer de cr\u00e8me de riz.<\/p>\n<p>Il peut contenir ARACHIDES, FRUITS \u00c0 COQUE, C\u00c9LERI, MOUTARDE, S\u00c9SAME, SOJA, POISSON, CRUSTAC\u00c9S, LUPIN.<\/p>\n<p>Allerg\u00e8nes : <em>indiqu\u00e9s en majuscules<\/em>.<br \/>\nTemps de cuisson : 3 minutes.<\/p>\n<h2>Mode d&#8217;emploi<\/h2>\n<p>Cuire \u00e0 l&#8217;eau sal\u00e9e<br \/>\nConditionn\u00e9 sous atmosph\u00e8re protectrice.<br \/>\nConsommez dans les 3 jours apr\u00e8s l&#8217;ouverture.<\/p>\n<p>Conserver au r\u00e9frig\u00e9rateur entre 0 et + 4\u00b0C. A consommer apr\u00e8s la cuisson.<\/p>\n","protected":false},"excerpt":{"rendered":"<p>P\u00e2tes aux \u0153ufs farcies fra\u00eeches<\/p>\n","protected":false},"featured_media":2321,"comment_status":"closed","ping_status":"closed","template":"","meta":{"wprm-recipe-roundup-name":[],"wprm-recipe-roundup-description":[]},"product_cat":[155],"product_tag":[156],"class_list":{"0":"post-2319","1":"product","2":"type-product","3":"status-publish","4":"has-post-thumbnail","6":"product_cat-saisonnier","7":"product_tag-viande","9":"first","10":"instock","11":"taxable","12":"shipping-taxable","13":"product-type-simple"},"aioseo_notices":[],"_links":{"self":[{"href":"https:\/\/www.pastificiodestefano.it\/fr\/wp-json\/wp\/v2\/product\/2319","targetHints":{"allow":["GET"]}}],"collection":[{"href":"https:\/\/www.pastificiodestefano.it\/fr\/wp-json\/wp\/v2\/product"}],"about":[{"href":"https:\/\/www.pastificiodestefano.it\/fr\/wp-json\/wp\/v2\/types\/product"}],"replies":[{"embeddable":true,"href":"https:\/\/www.pastificiodestefano.it\/fr\/wp-json\/wp\/v2\/comments?post=2319"}],"wp:featuredmedia":[{"embeddable":true,"href":"https:\/\/www.pastificiodestefano.it\/fr\/wp-json\/wp\/v2\/media\/2321"}],"wp:attachment":[{"href":"https:\/\/www.pastificiodestefano.it\/fr\/wp-json\/wp\/v2\/media?parent=2319"}],"wp:term":[{"taxonomy":"product_cat","embeddable":true,"href":"https:\/\/www.pastificiodestefano.it\/fr\/wp-json\/wp\/v2\/product_cat?post=2319"},{"taxonomy":"product_tag","embeddable":true,"href":"https:\/\/www.pastificiodestefano.it\/fr\/wp-json\/wp\/v2\/product_tag?post=2319"}],"curies":[{"name":"wp","href":"https:\/\/api.w.org\/{rel}","templated":true}]}}