{"id":2690,"date":"2020-07-08T16:36:27","date_gmt":"2020-07-08T14:36:27","guid":{"rendered":"http:\/\/www.pastificiodestefano.it\/prodotto\/spaghetti-alla-chitarra\/"},"modified":"2025-10-24T16:13:58","modified_gmt":"2025-10-24T14:13:58","slug":"spaghetti-a-la-guitare","status":"publish","type":"product","link":"https:\/\/www.pastificiodestefano.it\/fr\/produit\/spaghetti-a-la-guitare\/","title":{"rendered":"Spaghetti a la guitare"},"content":{"rendered":"<h2>Ingr\u00e9dients<\/h2>\n<p>Semoule de BL\u00c9 dur, OEUFS 20%, eau.<\/p>\n<p>Peut contenir d&#8217;ARACHIDES, FRUITS \u00c0 COQUE, C\u00c9LERI, MOUTARDE, S\u00c9SAME, SOJA, POISSON, LAIT, CRUSTAC\u00c9S,<br \/>\nLUPIN.<br \/>\nAllerg\u00e8nes : <em>indiqu\u00e9s en majuscules<\/em>.<br \/>Temps de cuisson: 2 minutes.<\/p>\n<h2>Mode d&#8217;emploi<\/h2>\n<p>Cuire \u00e0 l&#8217;eau sal\u00e9e<br \/>\nConditionn\u00e9 sous atmosph\u00e8re protectrice.<br \/>\nConsommez dans les 3 jours apr\u00e8s l&#8217;ouverture.<\/p>\n<p>Conserver au r\u00e9frig\u00e9rateur entre 0 et + 4\u00b0C. A consommer apr\u00e8s la cuisson.<\/p>\n","protected":false},"excerpt":{"rendered":"<p>Les p\u00e2tes aux \u0153ufs<\/p>\n","protected":false},"featured_media":2692,"comment_status":"closed","ping_status":"closed","template":"","meta":{"wprm-recipe-roundup-name":[],"wprm-recipe-roundup-description":[]},"product_cat":[176],"product_tag":[],"class_list":{"0":"post-2690","1":"product","2":"type-product","3":"status-publish","4":"has-post-thumbnail","6":"product_cat-les-pates-aux-oeufs","8":"first","9":"instock","10":"taxable","11":"shipping-taxable","12":"product-type-simple"},"aioseo_notices":[],"_links":{"self":[{"href":"https:\/\/www.pastificiodestefano.it\/fr\/wp-json\/wp\/v2\/product\/2690","targetHints":{"allow":["GET"]}}],"collection":[{"href":"https:\/\/www.pastificiodestefano.it\/fr\/wp-json\/wp\/v2\/product"}],"about":[{"href":"https:\/\/www.pastificiodestefano.it\/fr\/wp-json\/wp\/v2\/types\/product"}],"replies":[{"embeddable":true,"href":"https:\/\/www.pastificiodestefano.it\/fr\/wp-json\/wp\/v2\/comments?post=2690"}],"wp:featuredmedia":[{"embeddable":true,"href":"https:\/\/www.pastificiodestefano.it\/fr\/wp-json\/wp\/v2\/media\/2692"}],"wp:attachment":[{"href":"https:\/\/www.pastificiodestefano.it\/fr\/wp-json\/wp\/v2\/media?parent=2690"}],"wp:term":[{"taxonomy":"product_cat","embeddable":true,"href":"https:\/\/www.pastificiodestefano.it\/fr\/wp-json\/wp\/v2\/product_cat?post=2690"},{"taxonomy":"product_tag","embeddable":true,"href":"https:\/\/www.pastificiodestefano.it\/fr\/wp-json\/wp\/v2\/product_tag?post=2690"}],"curies":[{"name":"wp","href":"https:\/\/api.w.org\/{rel}","templated":true}]}}