{"id":2714,"date":"2020-07-03T15:50:14","date_gmt":"2020-07-03T13:50:14","guid":{"rendered":"http:\/\/www.pastificiodestefano.it\/prodotto\/fiorelloni-aux-chataignes-lard-et-miel\/"},"modified":"2025-10-24T16:13:52","modified_gmt":"2025-10-24T14:13:52","slug":"fiorelloni-chataignes-lard-et-miel","status":"publish","type":"product","link":"https:\/\/www.pastificiodestefano.it\/fr\/produit\/fiorelloni-chataignes-lard-et-miel\/","title":{"rendered":"Fiorelloni chataignes, lard et miel"},"content":{"rendered":"<h2>Ingr\u00e9dients<\/h2>\n<p>Farce 56% : ricotta de vache (LACTOSERUM, LAIT, sel), ricotta de brebis (LACTOSERUM, LAIT, sel), saindoux 10,5% (saindoux de porc, eau, sel, \u00e9pices et plantes aromatiques), f\u00e9cule de pomme de terre, miel 7% , pommes de terre d\u00e9shydrat\u00e9es, jambon cru (porc, sel, ar\u00f4mes, \u00e9pices, vin), ch\u00e2taignes 2,5%, chapelure (type &#8220;0&#8221; BL\u00c9 tendre farine, levure de bi\u00e8re, sel), fibres v\u00e9g\u00e9tales (Bambou, Psyllium), ar\u00f4mes naturels, sucre, \u00e9pices.<br \/>\nP\u00e2tes 44% : farine de BL\u00c9 tendre type &#8220;00&#8221;, semoule de BL\u00c9 dur, OEUFS 20%, eau.<br \/>\nSaupoudrer de cr\u00e8me de riz.<\/p>\n<p>Il peut contenir ARACHIDES, FRUITS \u00c0 COQUE, C\u00c9LERI, MOUTARDE, S\u00c9SAME, SOJA, POISSON, CRUSTAC\u00c9S, LUPIN.<\/p>\n<p>Allerg\u00e8nes : <em>indiqu\u00e9s en majuscules<\/em>.<\/p>\n<h2>Mode d&#8217;emploi<\/h2>\n<p>Cuire \u00e0 l&#8217;eau sal\u00e9e<br \/>\nConditionn\u00e9 sous atmosph\u00e8re protectrice.<br \/>\nConsommez dans les 3 jours apr\u00e8s l&#8217;ouverture.<\/p>\n<p>Conserver au r\u00e9frig\u00e9rateur entre 0 et + 4\u00b0C. A consommer apr\u00e8s la cuisson.<\/p>\n","protected":false},"excerpt":{"rendered":"<p>P\u00e2tes aux \u0153ufs farcies fra\u00eeches<\/p>\n","protected":false},"featured_media":2710,"comment_status":"closed","ping_status":"closed","template":"","meta":{"wprm-recipe-roundup-name":[],"wprm-recipe-roundup-description":[]},"product_cat":[177],"product_tag":[178,156],"class_list":{"0":"post-2714","1":"product","2":"type-product","3":"status-publish","4":"has-post-thumbnail","6":"product_cat-pates-artisanales-avec-garnitures-speciales","7":"product_tag-fruit","8":"product_tag-viande","10":"first","11":"instock","12":"taxable","13":"shipping-taxable","14":"product-type-simple"},"aioseo_notices":[],"_links":{"self":[{"href":"https:\/\/www.pastificiodestefano.it\/fr\/wp-json\/wp\/v2\/product\/2714","targetHints":{"allow":["GET"]}}],"collection":[{"href":"https:\/\/www.pastificiodestefano.it\/fr\/wp-json\/wp\/v2\/product"}],"about":[{"href":"https:\/\/www.pastificiodestefano.it\/fr\/wp-json\/wp\/v2\/types\/product"}],"replies":[{"embeddable":true,"href":"https:\/\/www.pastificiodestefano.it\/fr\/wp-json\/wp\/v2\/comments?post=2714"}],"wp:featuredmedia":[{"embeddable":true,"href":"https:\/\/www.pastificiodestefano.it\/fr\/wp-json\/wp\/v2\/media\/2710"}],"wp:attachment":[{"href":"https:\/\/www.pastificiodestefano.it\/fr\/wp-json\/wp\/v2\/media?parent=2714"}],"wp:term":[{"taxonomy":"product_cat","embeddable":true,"href":"https:\/\/www.pastificiodestefano.it\/fr\/wp-json\/wp\/v2\/product_cat?post=2714"},{"taxonomy":"product_tag","embeddable":true,"href":"https:\/\/www.pastificiodestefano.it\/fr\/wp-json\/wp\/v2\/product_tag?post=2714"}],"curies":[{"name":"wp","href":"https:\/\/api.w.org\/{rel}","templated":true}]}}