{"id":2722,"date":"2020-07-02T18:24:42","date_gmt":"2020-07-02T16:24:42","guid":{"rendered":"http:\/\/www.pastificiodestefano.it\/prodotto\/fiorelloni-a-la-bourrache\/"},"modified":"2025-10-24T16:15:19","modified_gmt":"2025-10-24T14:15:19","slug":"fiorelloni-a-borage","status":"publish","type":"product","link":"https:\/\/www.pastificiodestefano.it\/fr\/produit\/fiorelloni-a-borage\/","title":{"rendered":"Fiorelloni a borage"},"content":{"rendered":"<h2>Ingr\u00e9dients<\/h2>\n<p>Farce 56% : ricotta de vache (LACTOS\u00c9RUM, LAIT, sel), produit semi-fini de bourrache 22% (bourrache 98%, fibres v\u00e9g\u00e9tales, sel), ricotta de brebis (LACTOS\u00c9RUM, LAIT, sel), fromages (contient du LAIT), f\u00e9cule de pomme de terre, chapelure (farine de BL\u00c9 tendre type &#8220;0&#8221;, levure de bi\u00e8re, sel), pommes de terre d\u00e9shydrat\u00e9es, fibres v\u00e9g\u00e9tales (Bambou, Psyllium), ar\u00f4mes naturels, sel, \u00e9pices, poudre d&#8217;\u00e9pinards.<br \/>\nP\u00e2tes 44% :<br \/>farine de BL\u00c9 tendre type &#8220;00&#8221;, semoule de BL\u00c9 dur, OEUFS<br \/>20% (9% du total), eau.<br \/>\nSaupoudrer de cr\u00e8me de riz.<\/p>\n<p>Peut contenir d\u2019ARACHIDES, NOIX, C\u00c9LERI, MOUTARDE,<br \/>S\u00c9SAME, SOJA, POISSON, CRUSTAC\u00c9S.<\/p>\n<p>Allerg\u00e8nes : <em>indiqu\u00e9s en majuscules<\/em>.<\/p>\n<h2>Mode d&#8217;emploi<\/h2>\n<p>Cuire \u00e0 l&#8217;eau sal\u00e9e<br \/>\nConditionn\u00e9 sous atmosph\u00e8re protectrice.<br \/>\nConsommez dans les 3 jours apr\u00e8s l&#8217;ouverture.<\/p>\n<p>Conserver au r\u00e9frig\u00e9rateur entre 0 et + 4\u00b0C. A consommer apr\u00e8s la cuisson.<\/p>\n","protected":false},"excerpt":{"rendered":"<p>P\u00e2tes aux \u0153ufs farcies fra\u00eeches<\/p>\n","protected":false},"featured_media":2710,"comment_status":"closed","ping_status":"closed","template":"","meta":{"wprm-recipe-roundup-name":[],"wprm-recipe-roundup-description":[]},"product_cat":[177],"product_tag":[180],"class_list":{"0":"post-2722","1":"product","2":"type-product","3":"status-publish","4":"has-post-thumbnail","6":"product_cat-pates-artisanales-avec-garnitures-speciales","7":"product_tag-seulement-des-legumes","9":"first","10":"instock","11":"taxable","12":"shipping-taxable","13":"purchasable","14":"product-type-simple"},"aioseo_notices":[],"_links":{"self":[{"href":"https:\/\/www.pastificiodestefano.it\/fr\/wp-json\/wp\/v2\/product\/2722","targetHints":{"allow":["GET"]}}],"collection":[{"href":"https:\/\/www.pastificiodestefano.it\/fr\/wp-json\/wp\/v2\/product"}],"about":[{"href":"https:\/\/www.pastificiodestefano.it\/fr\/wp-json\/wp\/v2\/types\/product"}],"replies":[{"embeddable":true,"href":"https:\/\/www.pastificiodestefano.it\/fr\/wp-json\/wp\/v2\/comments?post=2722"}],"wp:featuredmedia":[{"embeddable":true,"href":"https:\/\/www.pastificiodestefano.it\/fr\/wp-json\/wp\/v2\/media\/2710"}],"wp:attachment":[{"href":"https:\/\/www.pastificiodestefano.it\/fr\/wp-json\/wp\/v2\/media?parent=2722"}],"wp:term":[{"taxonomy":"product_cat","embeddable":true,"href":"https:\/\/www.pastificiodestefano.it\/fr\/wp-json\/wp\/v2\/product_cat?post=2722"},{"taxonomy":"product_tag","embeddable":true,"href":"https:\/\/www.pastificiodestefano.it\/fr\/wp-json\/wp\/v2\/product_tag?post=2722"}],"curies":[{"name":"wp","href":"https:\/\/api.w.org\/{rel}","templated":true}]}}