{"id":2758,"date":"2020-06-26T10:56:40","date_gmt":"2020-06-26T08:56:40","guid":{"rendered":"http:\/\/www.pastificiodestefano.it\/prodotto\/gnocchi-a-la-ricotta-et-a-lortie\/"},"modified":"2025-10-24T16:17:45","modified_gmt":"2025-10-24T14:17:45","slug":"gnocchi-alla-ricotta-e-ortica","status":"publish","type":"product","link":"https:\/\/www.pastificiodestefano.it\/fr\/produit\/gnocchi-alla-ricotta-e-ortica\/","title":{"rendered":"Gnocchi alla ricotta e ortica"},"content":{"rendered":"<h2>Ingr\u00e9dients<\/h2>\n<p>Flocons de pommes de terre, amidon, f\u00e9cule de pomme de terre, farine de BL\u00c9 type \u00ab 00 \u00bb, sel,<br \/>\u00e9mulsifiant : mono et diglyc\u00e9rides d&#8217;acides gras, stabilisant :<br \/>diphosphate disodique, antioxydants : palmitate d&#8217;ascorbyle, acide<br \/>citrique, conservateur : acide sorbique, M\u00c9TABISULFITE DE<br \/>SODIUM, \u00e9pices, ricotta de lait de vache (LACTOS\u00c9RUM, LAIT,<br \/>sel), cr\u00e8me d&#8217;ortie [(ortie 85 %,<br \/>huile de tournesol, huile d&#8217;olive, vinaigre de vin, f\u00e9cule de pomme<br \/>de terre, oignons, sucre, sel, prot\u00e9ines de LAIT, ail, vin blanc,<br \/>correcteur d&#8217;acidit\u00e9 : acide lactique (E270, extrait de levure, poivre<br \/>noir)].<br \/>\nSaupoudrer de cr\u00e8me de riz.<\/p>\n<p>Peut contenir d\u2019ARACHIDES, FRUITS \u00c0 COQUE, C\u00c9LERI, MOUTARDE, S\u00c9SAME, SOJA, POISSON, CRUSTAC\u00c9S, LAIT, \u0152UFS, LUPINS.<\/p>\n<p>Allerg\u00e8nes : <em>indiqu\u00e9s en majuscules<\/em>.<br \/>\nTemps de cuisson : 2 minutes.<\/p>\n<h2>Mode d&#8217;emploi<\/h2>\n<p>Cuire \u00e0 l&#8217;eau sal\u00e9e<br \/>\nConditionn\u00e9 sous atmosph\u00e8re protectrice.<br \/>\nConsommez dans les 3 jours apr\u00e8s l&#8217;ouverture.<\/p>\n<p>Conserver au r\u00e9frig\u00e9rateur entre 0 et + 4\u00b0C. A consommer apr\u00e8s la cuisson.<\/p>\n","protected":false},"excerpt":{"rendered":"<p>P\u00e2tes fra\u00eeches Destefano<\/p>\n","protected":false},"featured_media":2760,"comment_status":"closed","ping_status":"closed","template":"","meta":{"wprm-recipe-roundup-name":[],"wprm-recipe-roundup-description":[]},"product_cat":[185],"product_tag":[183],"class_list":{"0":"post-2758","1":"product","2":"type-product","3":"status-publish","4":"has-post-thumbnail","6":"product_cat-les-gnocchi","7":"product_tag-fromage-et-legumes","9":"first","10":"instock","11":"taxable","12":"shipping-taxable","13":"product-type-simple"},"aioseo_notices":[],"_links":{"self":[{"href":"https:\/\/www.pastificiodestefano.it\/fr\/wp-json\/wp\/v2\/product\/2758","targetHints":{"allow":["GET"]}}],"collection":[{"href":"https:\/\/www.pastificiodestefano.it\/fr\/wp-json\/wp\/v2\/product"}],"about":[{"href":"https:\/\/www.pastificiodestefano.it\/fr\/wp-json\/wp\/v2\/types\/product"}],"replies":[{"embeddable":true,"href":"https:\/\/www.pastificiodestefano.it\/fr\/wp-json\/wp\/v2\/comments?post=2758"}],"wp:featuredmedia":[{"embeddable":true,"href":"https:\/\/www.pastificiodestefano.it\/fr\/wp-json\/wp\/v2\/media\/2760"}],"wp:attachment":[{"href":"https:\/\/www.pastificiodestefano.it\/fr\/wp-json\/wp\/v2\/media?parent=2758"}],"wp:term":[{"taxonomy":"product_cat","embeddable":true,"href":"https:\/\/www.pastificiodestefano.it\/fr\/wp-json\/wp\/v2\/product_cat?post=2758"},{"taxonomy":"product_tag","embeddable":true,"href":"https:\/\/www.pastificiodestefano.it\/fr\/wp-json\/wp\/v2\/product_tag?post=2758"}],"curies":[{"name":"wp","href":"https:\/\/api.w.org\/{rel}","templated":true}]}}