{"id":2782,"date":"2020-05-27T16:23:57","date_gmt":"2020-05-27T14:23:57","guid":{"rendered":"http:\/\/www.pastificiodestefano.it\/prodotto\/pates-fraiches-lunette-au-saumon\/"},"modified":"2025-10-24T16:17:35","modified_gmt":"2025-10-24T14:17:35","slug":"lunette-a-salmon","status":"publish","type":"product","link":"https:\/\/www.pastificiodestefano.it\/fr\/produit\/lunette-a-salmon\/","title":{"rendered":"Lunette a salmon"},"content":{"rendered":"<h2>Ingr\u00e9dients<\/h2>\n<p>Farce 50% : ricotta au lait de vache (LACTOSERUM, LAIT, sel), saumon fum\u00e9 20% (contient du POISSON), pommes de terre d\u00e9shydrat\u00e9es, chapelure (farine de BL\u00c9 tendre type &#8220;0&#8221;, levure de bi\u00e8re , sel), f\u00e9cule de pommes de terre, ricotta au lait de brebis (LACTOSERUM, LAIT, sel), fibres v\u00e9g\u00e9tales (Bambou, Psyllium), sel, ar\u00f4mes naturels, \u00e9pices.<br \/>\nP\u00e2tes 50% : farine de BL\u00c9 tendre<br \/>type &#8220;00&#8221;, semoule de BL\u00c9 dur, OEUFS 20% (10% du total),<br \/>eau, poudre de tomate 1% <\/p>\n<p>Saupoudrer de cr\u00e8me de riz. <\/p>\n<p>Peut contenir d\u2019ARACHIDES, FRUITS \u00c0 COQUE, C\u00c9LERI,<br \/>MOUTARDE, S\u00c9SAME, SOJA, CRUSTAC\u00c9S, LUPIN.<\/p>\n<p>Allerg\u00e8nes : <em>indiqu\u00e9s en majuscules<\/em>.<br \/>\nTemps de cuisson : 5 minutes.<\/p>\n<h2>Mode d&#8217;emploi<\/h2>\n<p>Cuire \u00e0 l&#8217;eau sal\u00e9e<br \/>\nConditionn\u00e9 sous atmosph\u00e8re protectrice.<br \/>\nConsommez dans les 3 jours apr\u00e8s l&#8217;ouverture.<\/p>\n<p>Conserver au r\u00e9frig\u00e9rateur entre 0 et + 4\u00b0C. A consommer apr\u00e8s la cuisson.<\/p>\n","protected":false},"excerpt":{"rendered":"<p>P\u00e2tes aux \u0153ufs farcies fra\u00eeches<\/p>\n","protected":false},"featured_media":2784,"comment_status":"closed","ping_status":"closed","template":"","meta":{"wprm-recipe-roundup-name":[],"wprm-recipe-roundup-description":[]},"product_cat":[177],"product_tag":[182],"class_list":{"0":"post-2782","1":"product","2":"type-product","3":"status-publish","4":"has-post-thumbnail","6":"product_cat-pates-artisanales-avec-garnitures-speciales","7":"product_tag-poisson","9":"first","10":"instock","11":"taxable","12":"shipping-taxable","13":"product-type-simple"},"aioseo_notices":[],"_links":{"self":[{"href":"https:\/\/www.pastificiodestefano.it\/fr\/wp-json\/wp\/v2\/product\/2782","targetHints":{"allow":["GET"]}}],"collection":[{"href":"https:\/\/www.pastificiodestefano.it\/fr\/wp-json\/wp\/v2\/product"}],"about":[{"href":"https:\/\/www.pastificiodestefano.it\/fr\/wp-json\/wp\/v2\/types\/product"}],"replies":[{"embeddable":true,"href":"https:\/\/www.pastificiodestefano.it\/fr\/wp-json\/wp\/v2\/comments?post=2782"}],"wp:featuredmedia":[{"embeddable":true,"href":"https:\/\/www.pastificiodestefano.it\/fr\/wp-json\/wp\/v2\/media\/2784"}],"wp:attachment":[{"href":"https:\/\/www.pastificiodestefano.it\/fr\/wp-json\/wp\/v2\/media?parent=2782"}],"wp:term":[{"taxonomy":"product_cat","embeddable":true,"href":"https:\/\/www.pastificiodestefano.it\/fr\/wp-json\/wp\/v2\/product_cat?post=2782"},{"taxonomy":"product_tag","embeddable":true,"href":"https:\/\/www.pastificiodestefano.it\/fr\/wp-json\/wp\/v2\/product_tag?post=2782"}],"curies":[{"name":"wp","href":"https:\/\/api.w.org\/{rel}","templated":true}]}}