{"id":2787,"date":"2020-05-27T13:16:47","date_gmt":"2020-05-27T11:16:47","guid":{"rendered":"http:\/\/www.pastificiodestefano.it\/prodotto\/ravioli-au-sanglier\/"},"modified":"2025-10-24T16:17:32","modified_gmt":"2025-10-24T14:17:32","slug":"ravioli-au-sanglier","status":"publish","type":"product","link":"https:\/\/www.pastificiodestefano.it\/fr\/produit\/ravioli-au-sanglier\/","title":{"rendered":"Ravioli au sanglier"},"content":{"rendered":"<h2>Ingr\u00e9dients<\/h2>\n<p>Farce 50% : rag\u00f9 de sanglier 29% [viande de sanglier (60%), huile d&#8217;olive, oignon, carotte, C\u00c9LERI, vin rouge, poitrine de porc, amidon de ma\u00efs, prot\u00e9ines v\u00e9g\u00e9tales, sel, \u00e9pices, ar\u00f4mes, extrait de levure], ricotta au lait de vache (LACTOSERUM, LAIT, sel), fromage (contient du LAIT), Grana Padano DOP (LAIT, sel, pr\u00e9sure, conservateur : lysozyme \u0152UF),<br \/>f\u00e9cule de pomme de terre, chapelure (farine de BL\u00c9 tendre de<br \/>type &#8220;0&#8221;) , levure de bi\u00e8re, sel), pommes de terre d\u00e9shydrat\u00e9es,<br \/>fibres v\u00e9g\u00e9tales (Bambou, Psyllium), sel, ar\u00f4mes naturels, \u00e9pices.<br \/>\nP\u00e2tes 50% : farine de BL\u00c9 tendre type &#8220;00&#8221;, semoule de BL\u00c9 dur, OEUFS 20%, eau.<br \/>\nSaupoudrer de cr\u00e8me de riz.<\/p>\n<p>Il peut contenir ARACHIDES, FRUITS \u00c0 COQUE, MOUTARDE, S\u00c9SAME, SOJA, POISSON, CRUSTAC\u00c9S, LUPIN.<\/p>\n<p>Allerg\u00e8nes : <em>indiqu\u00e9s en majuscules<\/em>.<br \/>\nTemps de cuisson : 5 minutes.<\/p>\n<h2>Mode d&#8217;emploi<\/h2>\n<p>Cuire \u00e0 l&#8217;eau sal\u00e9e<br \/>\nConditionn\u00e9 sous atmosph\u00e8re protectrice.<br \/>\nConsommez dans les 3 jours apr\u00e8s l&#8217;ouverture.<\/p>\n<p>Conserver au r\u00e9frig\u00e9rateur entre 0 et + 4\u00b0C. A consommer apr\u00e8s la cuisson.<\/p>\n","protected":false},"excerpt":{"rendered":"<p>P\u00e2tes aux \u0153ufs farcies fra\u00eeches<\/p>\n","protected":false},"featured_media":2668,"comment_status":"closed","ping_status":"closed","template":"","meta":{"wprm-recipe-roundup-name":[],"wprm-recipe-roundup-description":[]},"product_cat":[175],"product_tag":[156],"class_list":{"0":"post-2787","1":"product","2":"type-product","3":"status-publish","4":"has-post-thumbnail","6":"product_cat-les-ravioli-farcis-au-gibier","7":"product_tag-viande","9":"first","10":"instock","11":"taxable","12":"shipping-taxable","13":"product-type-simple"},"aioseo_notices":[],"_links":{"self":[{"href":"https:\/\/www.pastificiodestefano.it\/fr\/wp-json\/wp\/v2\/product\/2787","targetHints":{"allow":["GET"]}}],"collection":[{"href":"https:\/\/www.pastificiodestefano.it\/fr\/wp-json\/wp\/v2\/product"}],"about":[{"href":"https:\/\/www.pastificiodestefano.it\/fr\/wp-json\/wp\/v2\/types\/product"}],"replies":[{"embeddable":true,"href":"https:\/\/www.pastificiodestefano.it\/fr\/wp-json\/wp\/v2\/comments?post=2787"}],"wp:featuredmedia":[{"embeddable":true,"href":"https:\/\/www.pastificiodestefano.it\/fr\/wp-json\/wp\/v2\/media\/2668"}],"wp:attachment":[{"href":"https:\/\/www.pastificiodestefano.it\/fr\/wp-json\/wp\/v2\/media?parent=2787"}],"wp:term":[{"taxonomy":"product_cat","embeddable":true,"href":"https:\/\/www.pastificiodestefano.it\/fr\/wp-json\/wp\/v2\/product_cat?post=2787"},{"taxonomy":"product_tag","embeddable":true,"href":"https:\/\/www.pastificiodestefano.it\/fr\/wp-json\/wp\/v2\/product_tag?post=2787"}],"curies":[{"name":"wp","href":"https:\/\/api.w.org\/{rel}","templated":true}]}}