{"id":2793,"date":"2020-05-27T12:18:38","date_gmt":"2020-05-27T10:18:38","guid":{"rendered":"http:\/\/www.pastificiodestefano.it\/prodotto\/fiorelloni-au-basilic-et-pignons\/"},"modified":"2025-10-24T16:19:20","modified_gmt":"2025-10-24T14:19:20","slug":"fiorelloni-avec-basilic-et-pignons","status":"publish","type":"product","link":"https:\/\/www.pastificiodestefano.it\/fr\/produit\/fiorelloni-avec-basilic-et-pignons\/","title":{"rendered":"Fiorelloni avec basilic et pignons"},"content":{"rendered":"<h2>Ingr\u00e9dients<\/h2>\n<p>Farce 56% : ricotta au lait de vache (LACTOSERUM, LAIT, sel), mozzarella (contient du LAIT), pesto 10,5% [huile de tournesol, basilic 22%, margarine (graisse v\u00e9g\u00e9tale de palme, eau ), NOIX DE CAJOU, fromage (LAIT, sel, pr\u00e9sure, conservateur : lysozyme d&#8217;OEUF, antiagglom\u00e9rant E460), huile d&#8217;olive, pecorino romano DOP (LAIT de brebis, ferments lactiques, sel, LACTOSERUM), PIGNONS DE PIN 0,5%, v\u00e9g\u00e9tal fibres, sel, conservateur : E200, antioxydant : E300, correcteur d&#8217;acidit\u00e9 : E270], f\u00e9cule de pomme de terre, pommes de terre d\u00e9shydrat\u00e9es, chapelure (farine de L\u00c9<br \/>tendre type &#8220;0&#8221;, levure de bi\u00e8re, sel), fibres v\u00e9g\u00e9tales (Bambou, Psyllium), sel, ar\u00f4mes naturels, basilic 1 %<br \/>\nP\u00e2tes<br \/>44% : farine de BL\u00c9 tendre type &#8220;00&#8221;, semoule de BL\u00c9 dur,<br \/>OEUFS 20% (9% du total), \u00e9pinards d\u00e9shydrat\u00e9s 1% (0,5% du<br \/>total), eau.<br \/>\nSaupoudrer de cr\u00e8me de riz.<\/p>\n<p>Il peut contenir ARACHIDES, FRUITS \u00c0 COQUE, C\u00c9LERI, MOUTARDE, S\u00c9SAME, SOJA, POISSON, CRUSTAC\u00c9S, LUPIN.<\/p>\n<p>Allerg\u00e8nes : <em>indiqu\u00e9s en majuscules<\/em>.<\/p>\n<h2>Mode d&#8217;emploi<\/h2>\n<p>Cuire \u00e0 l&#8217;eau sal\u00e9e<br \/>\nConditionn\u00e9 sous atmosph\u00e8re protectrice.<br \/>\nConsommez dans les 3 jours apr\u00e8s l&#8217;ouverture.<\/p>\n<p>Conserver au r\u00e9frig\u00e9rateur entre 0 et + 4\u00b0C. A consommer apr\u00e8s la cuisson.<\/p>\n","protected":false},"excerpt":{"rendered":"<p>P\u00e2tes aux \u0153ufs farcies fra\u00eeches<\/p>\n","protected":false},"featured_media":2798,"comment_status":"closed","ping_status":"closed","template":"","meta":{"wprm-recipe-roundup-name":[],"wprm-recipe-roundup-description":[]},"product_cat":[177],"product_tag":[180],"class_list":{"0":"post-2793","1":"product","2":"type-product","3":"status-publish","4":"has-post-thumbnail","6":"product_cat-pates-artisanales-avec-garnitures-speciales","7":"product_tag-seulement-des-legumes","9":"first","10":"instock","11":"taxable","12":"shipping-taxable","13":"product-type-simple"},"aioseo_notices":[],"_links":{"self":[{"href":"https:\/\/www.pastificiodestefano.it\/fr\/wp-json\/wp\/v2\/product\/2793","targetHints":{"allow":["GET"]}}],"collection":[{"href":"https:\/\/www.pastificiodestefano.it\/fr\/wp-json\/wp\/v2\/product"}],"about":[{"href":"https:\/\/www.pastificiodestefano.it\/fr\/wp-json\/wp\/v2\/types\/product"}],"replies":[{"embeddable":true,"href":"https:\/\/www.pastificiodestefano.it\/fr\/wp-json\/wp\/v2\/comments?post=2793"}],"wp:featuredmedia":[{"embeddable":true,"href":"https:\/\/www.pastificiodestefano.it\/fr\/wp-json\/wp\/v2\/media\/2798"}],"wp:attachment":[{"href":"https:\/\/www.pastificiodestefano.it\/fr\/wp-json\/wp\/v2\/media?parent=2793"}],"wp:term":[{"taxonomy":"product_cat","embeddable":true,"href":"https:\/\/www.pastificiodestefano.it\/fr\/wp-json\/wp\/v2\/product_cat?post=2793"},{"taxonomy":"product_tag","embeddable":true,"href":"https:\/\/www.pastificiodestefano.it\/fr\/wp-json\/wp\/v2\/product_tag?post=2793"}],"curies":[{"name":"wp","href":"https:\/\/api.w.org\/{rel}","templated":true}]}}