{"id":2812,"date":"2020-05-06T11:39:55","date_gmt":"2020-05-06T09:39:55","guid":{"rendered":"http:\/\/www.pastificiodestefano.it\/prodotto\/agnolotti-verts-et-blancs-a-la-ricotta-et-aux-epinards\/"},"modified":"2025-10-24T16:19:43","modified_gmt":"2025-10-24T14:19:43","slug":"agnolotti-verts-et-blancs-a-la-ricotta-et-aux-epinards","status":"publish","type":"product","link":"https:\/\/www.pastificiodestefano.it\/fr\/produit\/agnolotti-verts-et-blancs-a-la-ricotta-et-aux-epinards\/","title":{"rendered":"Agnolotti blanc-vert avec ricotta et epinards"},"content":{"rendered":"<h2>Ingr\u00e9dients<\/h2>\n<p>P\u00e2tes 50% : farine de BL\u00c9 tendre type &#8220;00&#8221;, semoule de BL\u00c9 dur, OEUFS 20%, eau, \u00e9pinards d\u00e9shydrat\u00e9s 1% Farce 50% : ricotta au lait de vache 40% (LACTOSERUM, LAIT, sel), \u00e9pinards 25%, fromages (contient du LAIT), ricotta de brebis (LACTOSERUM, LAIT, sel), Grana Padano DOP (LAIT, sel, pr\u00e9sure, conservateur : lysozyme d&#8217;OEUF), amidon pommes de terre, chapelure (farine de BL\u00c9 tendre type &#8220;0&#8221;, levure de bi\u00e8re, sel), pommes de terre d\u00e9shydrat\u00e9es, fibres v\u00e9g\u00e9tales (Bambou, Psyllium), ar\u00f4mes naturels, sel, \u00e9pices, ail. Saupoudrer de cr\u00e8me de riz.<\/p>\n<p>Il peut contenir ARACHIDES, NOIX, C\u00c9LERI, MOUTARDE, S\u00c9SAME, SOJA, POISSON, CRUSTAC\u00c9S, LUPINS.<br \/>\nAllerg\u00e8nes : <em>indiqu\u00e9s en majuscules<\/em>.<br \/>\nTemps de cuisson : 5 minutes.<\/p>\n<h2>Mode d&#8217;emploi<\/h2>\n<p>Cuire \u00e0 l&#8217;eau sal\u00e9e<br \/>\nConditionn\u00e9 sous atmosph\u00e8re protectrice.<br \/>\nConsommez dans les 3 jours apr\u00e8s l&#8217;ouverture.<\/p>\n<p>Conserver au r\u00e9frig\u00e9rateur entre 0 et + 4\u00b0C. A consommer apr\u00e8s la cuisson.<\/p>\n","protected":false},"excerpt":{"rendered":"<p>P\u00e2tes aux \u0153ufs farcies fra\u00eeches<\/p>\n","protected":false},"featured_media":2817,"comment_status":"closed","ping_status":"closed","template":"","meta":{"wprm-recipe-roundup-name":[],"wprm-recipe-roundup-description":[]},"product_cat":[187],"product_tag":[180],"class_list":{"0":"post-2812","1":"product","2":"type-product","3":"status-publish","4":"has-post-thumbnail","6":"product_cat-agnolotti-les-classiques","7":"product_tag-seulement-des-legumes","9":"first","10":"instock","11":"taxable","12":"shipping-taxable","13":"product-type-simple"},"aioseo_notices":[],"_links":{"self":[{"href":"https:\/\/www.pastificiodestefano.it\/fr\/wp-json\/wp\/v2\/product\/2812","targetHints":{"allow":["GET"]}}],"collection":[{"href":"https:\/\/www.pastificiodestefano.it\/fr\/wp-json\/wp\/v2\/product"}],"about":[{"href":"https:\/\/www.pastificiodestefano.it\/fr\/wp-json\/wp\/v2\/types\/product"}],"replies":[{"embeddable":true,"href":"https:\/\/www.pastificiodestefano.it\/fr\/wp-json\/wp\/v2\/comments?post=2812"}],"wp:featuredmedia":[{"embeddable":true,"href":"https:\/\/www.pastificiodestefano.it\/fr\/wp-json\/wp\/v2\/media\/2817"}],"wp:attachment":[{"href":"https:\/\/www.pastificiodestefano.it\/fr\/wp-json\/wp\/v2\/media?parent=2812"}],"wp:term":[{"taxonomy":"product_cat","embeddable":true,"href":"https:\/\/www.pastificiodestefano.it\/fr\/wp-json\/wp\/v2\/product_cat?post=2812"},{"taxonomy":"product_tag","embeddable":true,"href":"https:\/\/www.pastificiodestefano.it\/fr\/wp-json\/wp\/v2\/product_tag?post=2812"}],"curies":[{"name":"wp","href":"https:\/\/api.w.org\/{rel}","templated":true}]}}