{"id":2844,"date":"2020-04-27T15:29:05","date_gmt":"2020-04-27T13:29:05","guid":{"rendered":"http:\/\/www.pastificiodestefano.it\/prodotto\/triangles-vegetaliens-avec-haricots-verts-pommes-de-terre-et-basilic\/"},"modified":"2020-04-27T15:29:05","modified_gmt":"2020-04-27T13:29:05","slug":"triangles-vegetaliens-avec-haricots-verts-pommes-de-terre-et-basilic","status":"publish","type":"product","link":"https:\/\/www.pastificiodestefano.it\/fr\/produit\/triangles-vegetaliens-avec-haricots-verts-pommes-de-terre-et-basilic\/","title":{"rendered":"Triangles v\u00e9g\u00e9taliens avec haricots verts, pommes de terre et basilic"},"content":{"rendered":"<h2>Ingr\u00e9dients<\/h2>\n<p>P\u00e2tes 50%: farine de BL\u00c9 tendre type 2, semoule de BL\u00c9 dur, eau. Garniture 50%: haricots verts 43%, f\u00e9cule de pomme de terre, pommes de terre 27% pommes de terre, sel, fibres v\u00e9g\u00e9tales, basilic 0,7%, oignons, huile de tournesol, ail (SULFITES), poivre. Saupoudr\u00e9 de cr\u00e8me de riz.<\/p>\n<p>Produit dans une usine o\u00f9 ils sont utilis\u00e9s: LAIT, OEUFS, ARACHIDES, FRUITS \u00c0 COQUE, SOJA, POISSON, C\u00c9LERI, CRUSTAC\u00c9S et MOLLUSQUES.<br \/>\nAllerg\u00e8nes: <em>indiqu\u00e9s en majuscules<\/em>.<br \/>\nTemps de cuisson: 2\/3 minutes.<\/p>\n<h2>Mode d&#8217;emploi<\/h2>\n<p>Cuire \u00e0 l&#8217;eau sal\u00e9e<br \/>\nEmball\u00e9 dans une atmosph\u00e8re protectrice.<br \/>\nConsommez dans les 3 jours apr\u00e8s l&#8217;ouverture.<\/p>\n<p>Conserver au r\u00e9frig\u00e9rateur entre 0 et + 4\u00b0C. A consommer apr\u00e8s la cuisson.<\/p>\n","protected":false},"excerpt":{"rendered":"<p>P\u00e2tes fraiches vegan avec farce<\/p>\n","protected":false},"featured_media":2846,"comment_status":"closed","ping_status":"closed","template":"","meta":{"wprm-recipe-roundup-name":[],"wprm-recipe-roundup-description":[]},"product_cat":[189],"product_tag":[180],"class_list":{"0":"post-2844","1":"product","2":"type-product","3":"status-publish","4":"has-post-thumbnail","6":"product_cat-pates-vegetaliennes","7":"product_tag-seulement-des-legumes","9":"first","10":"instock","11":"taxable","12":"shipping-taxable","13":"product-type-simple"},"aioseo_notices":[],"_links":{"self":[{"href":"https:\/\/www.pastificiodestefano.it\/fr\/wp-json\/wp\/v2\/product\/2844","targetHints":{"allow":["GET"]}}],"collection":[{"href":"https:\/\/www.pastificiodestefano.it\/fr\/wp-json\/wp\/v2\/product"}],"about":[{"href":"https:\/\/www.pastificiodestefano.it\/fr\/wp-json\/wp\/v2\/types\/product"}],"replies":[{"embeddable":true,"href":"https:\/\/www.pastificiodestefano.it\/fr\/wp-json\/wp\/v2\/comments?post=2844"}],"wp:featuredmedia":[{"embeddable":true,"href":"https:\/\/www.pastificiodestefano.it\/fr\/wp-json\/wp\/v2\/media\/2846"}],"wp:attachment":[{"href":"https:\/\/www.pastificiodestefano.it\/fr\/wp-json\/wp\/v2\/media?parent=2844"}],"wp:term":[{"taxonomy":"product_cat","embeddable":true,"href":"https:\/\/www.pastificiodestefano.it\/fr\/wp-json\/wp\/v2\/product_cat?post=2844"},{"taxonomy":"product_tag","embeddable":true,"href":"https:\/\/www.pastificiodestefano.it\/fr\/wp-json\/wp\/v2\/product_tag?post=2844"}],"curies":[{"name":"wp","href":"https:\/\/api.w.org\/{rel}","templated":true}]}}