{"id":2848,"date":"2020-04-27T15:18:59","date_gmt":"2020-04-27T13:18:59","guid":{"rendered":"http:\/\/www.pastificiodestefano.it\/prodotto\/quadratoni-vegetaliens-a-la-citrouille-et-aux-amandes\/"},"modified":"2020-04-27T15:18:59","modified_gmt":"2020-04-27T13:18:59","slug":"quadratoni-vegetaliens-a-la-citrouille-et-aux-amandes","status":"publish","type":"product","link":"https:\/\/www.pastificiodestefano.it\/fr\/produit\/quadratoni-vegetaliens-a-la-citrouille-et-aux-amandes\/","title":{"rendered":"Quadratoni v\u00e9g\u00e9taliens \u00e0 la citrouille et aux amandes"},"content":{"rendered":"<h2>Ingr\u00e9dients<\/h2>\n<p>P\u00e2tes 50%: farine de BL\u00c9 tendre type 2, semoule de BL\u00c9 dur, eau. Garniture 50%: potiron 66%, pommes de terre, AMANDES 3,7%, oignons, huile d&#8217;olive extra vierge, f\u00e9cule de pomme de terre, fibre v\u00e9g\u00e9tale, huile de tournesol, sel, \u00e9pices, ail (SULFITES).<br \/>\nSaupoudr\u00e9 de cr\u00e8me de riz.<\/p>\n<p>Fabriqu\u00e9s dans une usine o\u00f9 ils sont utilis\u00e9s: LAIT, C\u00c9LERI, OEUFS, CACAHU\u00c8TES, FRUITS \u00c0 COQUE, SOJA, POISSONS, CRUSTAC\u00c9S et MOLLUSQUES.<br \/>\nAllerg\u00e8nes: <em>indiqu\u00e9s en majuscules<\/em>.<br \/>\nTemps de cuisson: 4\/6 minutes.<\/p>\n<h2>Mode d&#8217;emploi<\/h2>\n<p>Cuire \u00e0 l&#8217;eau sal\u00e9e<br \/>\nEmball\u00e9 dans une atmosph\u00e8re protectrice.<br \/>\nConsommez dans les 3 jours apr\u00e8s l&#8217;ouverture.<\/p>\n<p>Conserver au r\u00e9frig\u00e9rateur entre 0 et + 4\u00b0C. A consommer apr\u00e8s la cuisson.<\/p>\n","protected":false},"excerpt":{"rendered":"<p>P\u00e2tes fraiches vegan avec farce<\/p>\n","protected":false},"featured_media":3102,"comment_status":"closed","ping_status":"closed","template":"","meta":{"wprm-recipe-roundup-name":[],"wprm-recipe-roundup-description":[]},"product_cat":[189],"product_tag":[178,180],"class_list":{"0":"post-2848","1":"product","2":"type-product","3":"status-publish","4":"has-post-thumbnail","6":"product_cat-pates-vegetaliennes","7":"product_tag-fruit","8":"product_tag-seulement-des-legumes","10":"first","11":"instock","12":"taxable","13":"shipping-taxable","14":"product-type-simple"},"aioseo_notices":[],"_links":{"self":[{"href":"https:\/\/www.pastificiodestefano.it\/fr\/wp-json\/wp\/v2\/product\/2848","targetHints":{"allow":["GET"]}}],"collection":[{"href":"https:\/\/www.pastificiodestefano.it\/fr\/wp-json\/wp\/v2\/product"}],"about":[{"href":"https:\/\/www.pastificiodestefano.it\/fr\/wp-json\/wp\/v2\/types\/product"}],"replies":[{"embeddable":true,"href":"https:\/\/www.pastificiodestefano.it\/fr\/wp-json\/wp\/v2\/comments?post=2848"}],"wp:featuredmedia":[{"embeddable":true,"href":"https:\/\/www.pastificiodestefano.it\/fr\/wp-json\/wp\/v2\/media\/3102"}],"wp:attachment":[{"href":"https:\/\/www.pastificiodestefano.it\/fr\/wp-json\/wp\/v2\/media?parent=2848"}],"wp:term":[{"taxonomy":"product_cat","embeddable":true,"href":"https:\/\/www.pastificiodestefano.it\/fr\/wp-json\/wp\/v2\/product_cat?post=2848"},{"taxonomy":"product_tag","embeddable":true,"href":"https:\/\/www.pastificiodestefano.it\/fr\/wp-json\/wp\/v2\/product_tag?post=2848"}],"curies":[{"name":"wp","href":"https:\/\/api.w.org\/{rel}","templated":true}]}}