{"id":2871,"date":"2015-06-07T11:25:01","date_gmt":"2015-06-07T09:25:01","guid":{"rendered":"http:\/\/www.pastificiodestefano.it\/prodotto\/fagottini-a-la-fondue\/"},"modified":"2025-10-24T16:22:53","modified_gmt":"2025-10-24T14:22:53","slug":"fagottini-a-la-fondue","status":"publish","type":"product","link":"https:\/\/www.pastificiodestefano.it\/fr\/produit\/fagottini-a-la-fondue\/","title":{"rendered":"Fagottini a la fondue"},"content":{"rendered":"<h2>Ingr\u00e9dients<\/h2>\n<p>Garniture 55% : fromage 23,5% (contient du LAIT), OEUFS, pommes de terre d\u00e9shydrat\u00e9es, ricotta au lait de vache (LACTOSERUM, LAIT, sel), f\u00e9cule de pomme de terre, chapelure (farine de BL\u00c9 tendre &#8220;0&#8221;, bi\u00e8re de brasserie levure, sel), fibres v\u00e9g\u00e9tales (Bambou, Psyllium), sel, ar\u00f4mes naturels.<br \/>\nP\u00e2tes 45% : farine de BL\u00c9 tendre type &#8220;00&#8221;,<br \/>semoule de BL\u00c9 dur, OEUFS 20% (9% du total), eau.<br \/>\nSaupoudrer de cr\u00e8me de riz.<\/p>\n<p>Il peut contenir ARACHIDES, FRUITS \u00c0 COQUE, C\u00c9LERI, MOUTARDE, S\u00c9SAME, SOJA, POISSON, CRUSTAC\u00c9S, LUPIN.<\/p>\n<p>Allerg\u00e8nes : <em>indiqu\u00e9s en majuscules<\/em>.<\/p>\n<h2>Mode d&#8217;emploi<\/h2>\n<p>Cuire \u00e0 l&#8217;eau sal\u00e9e<br \/>\nConditionn\u00e9 sous atmosph\u00e8re protectrice.<br \/>\nConsommez dans les 3 jours apr\u00e8s l&#8217;ouverture.<\/p>\n<p>Conserver au r\u00e9frig\u00e9rateur entre 0 et + 4\u00b0C. A consommer apr\u00e8s la cuisson.<\/p>\n","protected":false},"excerpt":{"rendered":"<p>P\u00e2tes aux \u0153ufs farcies fra\u00eeches<\/p>\n","protected":false},"featured_media":2704,"comment_status":"closed","ping_status":"closed","template":"","meta":{"wprm-recipe-roundup-name":[],"wprm-recipe-roundup-description":[]},"product_cat":[187],"product_tag":[181],"class_list":{"0":"post-2871","1":"product","2":"type-product","3":"status-publish","4":"has-post-thumbnail","6":"product_cat-agnolotti-les-classiques","7":"product_tag-du-fromage","9":"first","10":"instock","11":"taxable","12":"shipping-taxable","13":"product-type-simple"},"aioseo_notices":[],"_links":{"self":[{"href":"https:\/\/www.pastificiodestefano.it\/fr\/wp-json\/wp\/v2\/product\/2871","targetHints":{"allow":["GET"]}}],"collection":[{"href":"https:\/\/www.pastificiodestefano.it\/fr\/wp-json\/wp\/v2\/product"}],"about":[{"href":"https:\/\/www.pastificiodestefano.it\/fr\/wp-json\/wp\/v2\/types\/product"}],"replies":[{"embeddable":true,"href":"https:\/\/www.pastificiodestefano.it\/fr\/wp-json\/wp\/v2\/comments?post=2871"}],"wp:featuredmedia":[{"embeddable":true,"href":"https:\/\/www.pastificiodestefano.it\/fr\/wp-json\/wp\/v2\/media\/2704"}],"wp:attachment":[{"href":"https:\/\/www.pastificiodestefano.it\/fr\/wp-json\/wp\/v2\/media?parent=2871"}],"wp:term":[{"taxonomy":"product_cat","embeddable":true,"href":"https:\/\/www.pastificiodestefano.it\/fr\/wp-json\/wp\/v2\/product_cat?post=2871"},{"taxonomy":"product_tag","embeddable":true,"href":"https:\/\/www.pastificiodestefano.it\/fr\/wp-json\/wp\/v2\/product_tag?post=2871"}],"curies":[{"name":"wp","href":"https:\/\/api.w.org\/{rel}","templated":true}]}}