{"id":2878,"date":"2013-06-07T11:37:23","date_gmt":"2013-06-07T09:37:23","guid":{"rendered":"http:\/\/www.pastificiodestefano.it\/prodotto\/gnocchi-a-la-chataigne\/"},"modified":"2025-10-24T16:24:12","modified_gmt":"2025-10-24T14:24:12","slug":"gnocchi-de-chataignes","status":"publish","type":"product","link":"https:\/\/www.pastificiodestefano.it\/fr\/produit\/gnocchi-de-chataignes\/","title":{"rendered":"Gnocchi de ch\u00e2taignes"},"content":{"rendered":"<h2>Ingr\u00e9dients<\/h2>\n<p>flocons de pommes de terre, amidon, f\u00e9cule de pomme de terre, farine de BL\u00c9 type \u00ab 00 \u00bb, sel, \u00e9mulsifiant : mono et diglyc\u00e9rides d\u2019acides gras, stabilisant : diphosphate disodique, antioxydants : palmitate d\u2019ascorbyle, acide citrique, conservateur : acide sorbique, M\u00c9TABISULFITE DE SODIUM, \u00e9pices, farine de ch\u00e2taignes<br \/>\nSaupoudrer de cr\u00e8me de riz.<\/p>\n<p>Peut contenir d\u2019ARACHIDES, FRUITS \u00c0 COQUE, C\u00c9LERI, MOUTARDE, S\u00c9SAME, SOJA, POISSON, CRUSTAC\u00c9S, LAIT,<br \/>\n\u0152UFS, LUPINS.<br \/>\nAllerg\u00e8nes : <em>indiqu\u00e9s en majuscules<\/em>.<br \/>Temps de cuisson : 2 minutes.<\/p>\n<h2>Mode d&#8217;emploi<\/h2>\n<p>Cuire \u00e0 l&#8217;eau sal\u00e9e<br \/>\nConditionn\u00e9 sous atmosph\u00e8re protectrice.<br \/>\nConsommez dans les 3 jours apr\u00e8s l&#8217;ouverture.<\/p>\n<p>Conserver au r\u00e9frig\u00e9rateur entre 0 et + 4\u00b0C. A consommer apr\u00e8s la cuisson.<\/p>\n","protected":false},"excerpt":{"rendered":"<p>P\u00e2tes fra\u00eeches Destefano<\/p>\n","protected":false},"featured_media":2880,"comment_status":"closed","ping_status":"closed","template":"","meta":{"wprm-recipe-roundup-name":[],"wprm-recipe-roundup-description":[]},"product_cat":[155],"product_tag":[178],"class_list":{"0":"post-2878","1":"product","2":"type-product","3":"status-publish","4":"has-post-thumbnail","6":"product_cat-saisonnier","7":"product_tag-fruit","9":"first","10":"instock","11":"taxable","12":"shipping-taxable","13":"product-type-simple"},"aioseo_notices":[],"_links":{"self":[{"href":"https:\/\/www.pastificiodestefano.it\/fr\/wp-json\/wp\/v2\/product\/2878","targetHints":{"allow":["GET"]}}],"collection":[{"href":"https:\/\/www.pastificiodestefano.it\/fr\/wp-json\/wp\/v2\/product"}],"about":[{"href":"https:\/\/www.pastificiodestefano.it\/fr\/wp-json\/wp\/v2\/types\/product"}],"replies":[{"embeddable":true,"href":"https:\/\/www.pastificiodestefano.it\/fr\/wp-json\/wp\/v2\/comments?post=2878"}],"wp:featuredmedia":[{"embeddable":true,"href":"https:\/\/www.pastificiodestefano.it\/fr\/wp-json\/wp\/v2\/media\/2880"}],"wp:attachment":[{"href":"https:\/\/www.pastificiodestefano.it\/fr\/wp-json\/wp\/v2\/media?parent=2878"}],"wp:term":[{"taxonomy":"product_cat","embeddable":true,"href":"https:\/\/www.pastificiodestefano.it\/fr\/wp-json\/wp\/v2\/product_cat?post=2878"},{"taxonomy":"product_tag","embeddable":true,"href":"https:\/\/www.pastificiodestefano.it\/fr\/wp-json\/wp\/v2\/product_tag?post=2878"}],"curies":[{"name":"wp","href":"https:\/\/api.w.org\/{rel}","templated":true}]}}