{"id":2882,"date":"2013-06-07T11:36:34","date_gmt":"2013-06-07T09:36:34","guid":{"rendered":"http:\/\/www.pastificiodestefano.it\/prodotto\/agnolotti-del-plin-a-la-viande-de-fassone\/"},"modified":"2025-10-24T16:24:08","modified_gmt":"2025-10-24T14:24:08","slug":"agnolotti-a-la-viande-de-fassone-piemontaise","status":"publish","type":"product","link":"https:\/\/www.pastificiodestefano.it\/fr\/produit\/agnolotti-a-la-viande-de-fassone-piemontaise\/","title":{"rendered":"Agnolotti del plin alla carne di fassone"},"content":{"rendered":"<h2>Ingr\u00e9dients<\/h2>\n<p>Farce 56% : stracotto [b\u0153uf Fassone de race pi\u00e9montaise 78%, oignons, carottes, riz, vin (contient des SULFITES), herbes aromatiques, sel, ar\u00f4mes naturels, \u00e9pices, ail], r\u00f4ti de porc (porc, sel, ar\u00f4mes, ar\u00f4mes naturels, ar\u00f4mes de fum\u00e9e, \u00e9pices, herbes aromatiques, vin), fromages (LAIT), Grana Padano DOP (LAIT, sel, pr\u00e9sure, conservateur : lysozyme \u0152UF), \u00e9pinards, f\u00e9cule de pomme de terre, chapelure (type &#8221; Farine de BL\u00c9 tendre 0&#8243;, levure de bi\u00e8re, sel), OEUFS, fibres v\u00e9g\u00e9tales (Bambou, Psyllium), ar\u00f4mes naturels, sel.<br \/>\nP\u00e2tes 44% : farine de BL\u00c9 tendre type &#8220;00&#8221;, semoule de BL\u00c9 dur, OEUFS 20%.<br \/>\nSaupoudrer de cr\u00e8me de riz.<\/p>\n<p>Il peut contenir ARACHIDES, FRUITS \u00c0 COQUE, C\u00c9LERI, MOUTARDE, S\u00c9SAME, SOJA, POISSON, CRUSTAC\u00c9S, LUPIN.<\/p>\n<p>Allerg\u00e8nes : <em>indiqu\u00e9s en majuscules<\/em>.<br \/>\nTemps de cuisson : 3 minutes.<\/p>\n<p>Notre rago\u00fbt est pr\u00e9par\u00e9 par une cuisson lente et \u00e0 feu doux.<\/p>\n<h2>Mode d&#8217;emploi<\/h2>\n<p>Cuire \u00e0 l&#8217;eau sal\u00e9e<br \/>\nConditionn\u00e9 sous atmosph\u00e8re protectrice.<br \/>\nConsommez dans les 3 jours apr\u00e8s l&#8217;ouverture.<\/p>\n<p>Conserver au r\u00e9frig\u00e9rateur entre 0 et + 4\u00b0C. A consommer apr\u00e8s la cuisson.<\/p>\n","protected":false},"excerpt":{"rendered":"<p>P\u00e2tes aux \u0153ufs farcies fra\u00eeches<\/p>\n","protected":false},"featured_media":2321,"comment_status":"closed","ping_status":"closed","template":"","meta":{"wprm-recipe-roundup-name":[],"wprm-recipe-roundup-description":[]},"product_cat":[184],"product_tag":[156],"class_list":{"0":"post-2882","1":"product","2":"type-product","3":"status-publish","4":"has-post-thumbnail","6":"product_cat-les-agnolotti-del-plin","7":"product_tag-viande","9":"first","10":"instock","11":"taxable","12":"shipping-taxable","13":"product-type-simple"},"aioseo_notices":[],"_links":{"self":[{"href":"https:\/\/www.pastificiodestefano.it\/fr\/wp-json\/wp\/v2\/product\/2882","targetHints":{"allow":["GET"]}}],"collection":[{"href":"https:\/\/www.pastificiodestefano.it\/fr\/wp-json\/wp\/v2\/product"}],"about":[{"href":"https:\/\/www.pastificiodestefano.it\/fr\/wp-json\/wp\/v2\/types\/product"}],"replies":[{"embeddable":true,"href":"https:\/\/www.pastificiodestefano.it\/fr\/wp-json\/wp\/v2\/comments?post=2882"}],"wp:featuredmedia":[{"embeddable":true,"href":"https:\/\/www.pastificiodestefano.it\/fr\/wp-json\/wp\/v2\/media\/2321"}],"wp:attachment":[{"href":"https:\/\/www.pastificiodestefano.it\/fr\/wp-json\/wp\/v2\/media?parent=2882"}],"wp:term":[{"taxonomy":"product_cat","embeddable":true,"href":"https:\/\/www.pastificiodestefano.it\/fr\/wp-json\/wp\/v2\/product_cat?post=2882"},{"taxonomy":"product_tag","embeddable":true,"href":"https:\/\/www.pastificiodestefano.it\/fr\/wp-json\/wp\/v2\/product_tag?post=2882"}],"curies":[{"name":"wp","href":"https:\/\/api.w.org\/{rel}","templated":true}]}}