{"id":2889,"date":"2013-06-07T11:34:14","date_gmt":"2013-06-07T11:34:14","guid":{"rendered":"http:\/\/www.pastificiodestefano.it\/prodotto\/agnolotti-del-plin-aux-fines-herbes\/"},"modified":"2025-10-24T16:24:05","modified_gmt":"2025-10-24T14:24:05","slug":"agnolotti-del-plin-aux-fines-herbes","status":"publish","type":"product","link":"https:\/\/www.pastificiodestefano.it\/fr\/produit\/agnolotti-del-plin-aux-fines-herbes\/","title":{"rendered":"Agnolotti del plin aux fines herbes"},"content":{"rendered":"<h2>Ingr\u00e9dients<\/h2>\n<p>iture 56% : fromage (contient du LAIT) 19%<br \/>\n(11% du total), ricotta au lait de vache (LACTOSERUM, LAIT,<br \/>sel), \u00e9pinards 17% (10% du total), f\u00e9cule de pomme de terre,<br \/>chapelure (type &#8221; Farine de BL\u00c9 tendre 0&#8243;, levure de bi\u00e8re, sel),<br \/>pommes de terre d\u00e9shydrat\u00e9es, ricotta de brebis (LACTOSERUM,<br \/>LAIT, sel), Grana Padano DOP (LAIT, pr\u00e9sure, sel, conservateur :<br \/>lysozyme d&#8217;OEUF), ar\u00f4mes naturels, fibres v\u00e9g\u00e9tales (Bambou,<br \/>Psyllium), sel, \u00e9pices. P\u00e2tes 44% : farine de BL\u00c9 tendre type &#8220;00&#8221;,<br \/>semoule de BL\u00c9 dur, OEUFS 20% (9% du total), eau.<br \/>Saupoudrer de cr\u00e8me de riz. <\/p>\n<p>Il peut contenir ARACHIDES, FRUITS \u00c0 COQUE, C\u00c9LERI, MOUTARDE, S\u00c9SAME, SOJA, POISSON, CRUSTAC\u00c9S, LUPIN.<\/p>\n<p>Allerg\u00e8nes : <em>indiqu\u00e9s en majuscules<\/em>.<br \/>\nTemps de cuisson : 3 minutes.<\/p>\n<h2>Mode d&#8217;emploi<\/h2>\n<p>Cuire \u00e0 l&#8217;eau sal\u00e9e<br \/>\nConditionn\u00e9 sous atmosph\u00e8re protectrice.<br \/>\nConsommez dans les 3 jours apr\u00e8s l&#8217;ouverture.<\/p>\n<p>Conserver au r\u00e9frig\u00e9rateur entre 0 et + 4\u00b0C. A consommer apr\u00e8s la cuisson.<\/p>\n","protected":false},"excerpt":{"rendered":"<p>P\u00e2tes aux \u0153ufs farcies fra\u00eeches<\/p>\n","protected":false},"featured_media":2321,"comment_status":"closed","ping_status":"closed","template":"","meta":{"wprm-recipe-roundup-name":[],"wprm-recipe-roundup-description":[]},"product_cat":[184],"product_tag":[180],"class_list":{"0":"post-2889","1":"product","2":"type-product","3":"status-publish","4":"has-post-thumbnail","6":"product_cat-les-agnolotti-del-plin","7":"product_tag-seulement-des-legumes","9":"first","10":"instock","11":"taxable","12":"shipping-taxable","13":"product-type-simple"},"aioseo_notices":[],"_links":{"self":[{"href":"https:\/\/www.pastificiodestefano.it\/fr\/wp-json\/wp\/v2\/product\/2889","targetHints":{"allow":["GET"]}}],"collection":[{"href":"https:\/\/www.pastificiodestefano.it\/fr\/wp-json\/wp\/v2\/product"}],"about":[{"href":"https:\/\/www.pastificiodestefano.it\/fr\/wp-json\/wp\/v2\/types\/product"}],"replies":[{"embeddable":true,"href":"https:\/\/www.pastificiodestefano.it\/fr\/wp-json\/wp\/v2\/comments?post=2889"}],"wp:featuredmedia":[{"embeddable":true,"href":"https:\/\/www.pastificiodestefano.it\/fr\/wp-json\/wp\/v2\/media\/2321"}],"wp:attachment":[{"href":"https:\/\/www.pastificiodestefano.it\/fr\/wp-json\/wp\/v2\/media?parent=2889"}],"wp:term":[{"taxonomy":"product_cat","embeddable":true,"href":"https:\/\/www.pastificiodestefano.it\/fr\/wp-json\/wp\/v2\/product_cat?post=2889"},{"taxonomy":"product_tag","embeddable":true,"href":"https:\/\/www.pastificiodestefano.it\/fr\/wp-json\/wp\/v2\/product_tag?post=2889"}],"curies":[{"name":"wp","href":"https:\/\/api.w.org\/{rel}","templated":true}]}}