{"id":2891,"date":"2013-06-07T11:33:05","date_gmt":"2013-06-07T09:33:05","guid":{"rendered":"http:\/\/www.pastificiodestefano.it\/prodotto\/tortellini-au-jambon-cru\/"},"modified":"2025-10-24T16:24:40","modified_gmt":"2025-10-24T14:24:40","slug":"tortellini-au-jambon-cru","status":"publish","type":"product","link":"https:\/\/www.pastificiodestefano.it\/fr\/produit\/tortellini-au-jambon-cru\/","title":{"rendered":"Tortellini au jambon cru"},"content":{"rendered":"<h2>Ingr\u00e9dients<\/h2>\n<p>Farce 32%: jambon cru 48% (15,4% du total) (porc,<br \/>sel, ar\u00f4mes, \u00e9pices, vin), mortadelle (porc, sel, ar\u00f4mes naturels),<br \/>fromage (contient LAIT), Grana Padano DOP (LAIT, sel, pr\u00e9sure,<br \/>conservateur: OEUF lysozyme), chapelure (farine de BLE tendre<br \/>de type &#8220;0&#8221;, levure de bi\u00e8re, sel), ar\u00f4mes naturels, fibres<br \/>v\u00e9g\u00e9tales (Bambou, Psyllium), \u00e9pices, sel. P\u00e2tes 68% : farine de BL\u00c9 tendre type &#8220;00&#8221;, semoule de BL\u00c9 dur, OEUFS 20%, eau.  <\/p>\n<p>Il peut contenir ARACHIDES, FRUITS \u00c0 COQUE, C\u00c9LERI, MOUTARDE, S\u00c9SAME, SOJA, POISSON, CRUSTAC\u00c9S, LUPIN. <\/p>\n<p>Allerg\u00e8nes : <em>indiqu\u00e9s en majuscules<\/em>.<\/p>\n<h2>Mode d&#8217;emploi<\/h2>\n<p>Cuire \u00e0 l&#8217;eau sal\u00e9e<br \/>\nConditionn\u00e9 sous atmosph\u00e8re protectrice.<br \/>\nConsommez dans les 3 jours apr\u00e8s l&#8217;ouverture.<\/p>\n<p>Conserver au r\u00e9frig\u00e9rateur entre 0 et + 4\u00b0C. A consommer apr\u00e8s la cuisson.<\/p>\n","protected":false},"excerpt":{"rendered":"<p>P\u00e2tes aux \u0153ufs farcies fra\u00eeches<\/p>\n","protected":false},"featured_media":2681,"comment_status":"open","ping_status":"closed","template":"","meta":{"wprm-recipe-roundup-name":[],"wprm-recipe-roundup-description":[]},"product_cat":[179],"product_tag":[156],"class_list":{"0":"post-2891","1":"product","2":"type-product","3":"status-publish","4":"has-post-thumbnail","6":"product_cat-les-tortellini","7":"product_tag-viande","9":"first","10":"instock","11":"taxable","12":"shipping-taxable","13":"product-type-simple"},"aioseo_notices":[],"_links":{"self":[{"href":"https:\/\/www.pastificiodestefano.it\/fr\/wp-json\/wp\/v2\/product\/2891","targetHints":{"allow":["GET"]}}],"collection":[{"href":"https:\/\/www.pastificiodestefano.it\/fr\/wp-json\/wp\/v2\/product"}],"about":[{"href":"https:\/\/www.pastificiodestefano.it\/fr\/wp-json\/wp\/v2\/types\/product"}],"replies":[{"embeddable":true,"href":"https:\/\/www.pastificiodestefano.it\/fr\/wp-json\/wp\/v2\/comments?post=2891"}],"wp:featuredmedia":[{"embeddable":true,"href":"https:\/\/www.pastificiodestefano.it\/fr\/wp-json\/wp\/v2\/media\/2681"}],"wp:attachment":[{"href":"https:\/\/www.pastificiodestefano.it\/fr\/wp-json\/wp\/v2\/media?parent=2891"}],"wp:term":[{"taxonomy":"product_cat","embeddable":true,"href":"https:\/\/www.pastificiodestefano.it\/fr\/wp-json\/wp\/v2\/product_cat?post=2891"},{"taxonomy":"product_tag","embeddable":true,"href":"https:\/\/www.pastificiodestefano.it\/fr\/wp-json\/wp\/v2\/product_tag?post=2891"}],"curies":[{"name":"wp","href":"https:\/\/api.w.org\/{rel}","templated":true}]}}