{"id":2922,"date":"2013-06-07T10:49:51","date_gmt":"2013-06-07T08:49:51","guid":{"rendered":"http:\/\/www.pastificiodestefano.it\/prodotto\/gnocchi-a-la-salade-radicchio\/"},"modified":"2025-10-24T16:29:58","modified_gmt":"2025-10-24T14:29:58","slug":"gnocchi-a-la-salade-radicchio","status":"publish","type":"product","link":"https:\/\/www.pastificiodestefano.it\/fr\/produit\/gnocchi-a-la-salade-radicchio\/","title":{"rendered":"Gnocchi au chicoree"},"content":{"rendered":"<h2>Ingr\u00e9dients<\/h2>\n<p>flocons de pommes de terre, amidon, f\u00e9cule de pomme de terre, farine de BL\u00c9 type \u00ab 00 \u00bb, sel, \u00e9mulsifiant : mono et diglyc\u00e9rides d&#8217;acides gras, stabilisant : diphosphate disodique, antioxydants : palmitate d&#8217;ascorbyle, acide citrique, conservateur : acide sorbique, M\u00c9TABISULFITE DE SODIUM, \u00e9pices, sauce au radicchio rouge 4 % [radicchio rouge<br \/>77 %, huile de tournesol, oignon, beurre (contient du LAIT), huile d&#8217;olive vierge extra, sel, amidon de riz, vinaigre<br \/>balsamique de Mod\u00e8ne IGP, LAIT \u00e9cr\u00e9m\u00e9 en poudre, \u00e9pices)], betterave rouge, ricotta de vache (LACTOS\u00c9RUM, LAIT, sel), ar\u00f4mes naturels.<br \/>\nSaupoudrer de cr\u00e8me de riz.<\/p>\n<p>Peut contenir des OEUFS, LAIT, ARACHIDES, NOIX, C\u00c9LERI,<br \/>MOUTARDE, S\u00c9SAME, SOJA, POISSON, CRUSTAC\u00c9S,<br \/>LUPIN.<\/p>\n<p>Allerg\u00e8nes : <em>indiqu\u00e9s en majuscules<\/em>.<br \/>\nTemps de cuisson : 2 minutes.<\/p>\n<h2>Mode d&#8217;emploi<\/h2>\n<p>Cuire \u00e0 l&#8217;eau sal\u00e9e<br \/>\nConditionn\u00e9 sous atmosph\u00e8re protectrice.<br \/>\nConsommez dans les 3 jours apr\u00e8s l&#8217;ouverture.<\/p>\n<p>Conserver au r\u00e9frig\u00e9rateur entre 0 et + 4\u00b0C. A consommer apr\u00e8s la cuisson.<\/p>\n","protected":false},"excerpt":{"rendered":"<p>P\u00e2tes fra\u00eeches Destefano<\/p>\n","protected":false},"featured_media":2924,"comment_status":"closed","ping_status":"closed","template":"","meta":{"wprm-recipe-roundup-name":[],"wprm-recipe-roundup-description":[]},"product_cat":[185],"product_tag":[180],"class_list":{"0":"post-2922","1":"product","2":"type-product","3":"status-publish","4":"has-post-thumbnail","6":"product_cat-les-gnocchi","7":"product_tag-seulement-des-legumes","9":"first","10":"instock","11":"taxable","12":"shipping-taxable","13":"product-type-simple"},"aioseo_notices":[],"_links":{"self":[{"href":"https:\/\/www.pastificiodestefano.it\/fr\/wp-json\/wp\/v2\/product\/2922","targetHints":{"allow":["GET"]}}],"collection":[{"href":"https:\/\/www.pastificiodestefano.it\/fr\/wp-json\/wp\/v2\/product"}],"about":[{"href":"https:\/\/www.pastificiodestefano.it\/fr\/wp-json\/wp\/v2\/types\/product"}],"replies":[{"embeddable":true,"href":"https:\/\/www.pastificiodestefano.it\/fr\/wp-json\/wp\/v2\/comments?post=2922"}],"wp:featuredmedia":[{"embeddable":true,"href":"https:\/\/www.pastificiodestefano.it\/fr\/wp-json\/wp\/v2\/media\/2924"}],"wp:attachment":[{"href":"https:\/\/www.pastificiodestefano.it\/fr\/wp-json\/wp\/v2\/media?parent=2922"}],"wp:term":[{"taxonomy":"product_cat","embeddable":true,"href":"https:\/\/www.pastificiodestefano.it\/fr\/wp-json\/wp\/v2\/product_cat?post=2922"},{"taxonomy":"product_tag","embeddable":true,"href":"https:\/\/www.pastificiodestefano.it\/fr\/wp-json\/wp\/v2\/product_tag?post=2922"}],"curies":[{"name":"wp","href":"https:\/\/api.w.org\/{rel}","templated":true}]}}