{"id":2926,"date":"2013-06-07T10:41:52","date_gmt":"2013-06-07T08:41:52","guid":{"rendered":"http:\/\/www.pastificiodestefano.it\/prodotto\/fiorelloni-ricotta-au-lait-de-chevre-et-miel\/"},"modified":"2025-10-24T16:26:08","modified_gmt":"2025-10-24T14:26:08","slug":"fiorelloni-ricotta-de-brebis-et-miel","status":"publish","type":"product","link":"https:\/\/www.pastificiodestefano.it\/fr\/produit\/fiorelloni-ricotta-de-brebis-et-miel\/","title":{"rendered":"Fiorelloni ricotta de brebis et miel"},"content":{"rendered":"<h2>Ingr\u00e9dients<\/h2>\n<p>Farce 56% : ricotta de brebis 28,5% (16% du total)<br \/>(LACTOSERUM, LAIT, sel), ricotta de vache (LACTOSERUM,<br \/>LAIT, sel), miel 14% (8% du total), f\u00e9cule de pomme de terre ,<br \/>fromages (contient LAIT), Grana Padano DOP (LAIT, sel,<br \/>pr\u00e9sure, conservateur : lysozyme d&#8217;OEUF), pommes de terre<br \/>d\u00e9shydrat\u00e9es, chapelure (farine de BL\u00c9 tendre type \u00ab 0 \u00bb, levure<br \/>de bi\u00e8re, sel), fibres v\u00e9g\u00e9tales (Bambou, Psyllium), ar\u00f4mes<br \/>naturels, \u00e9pices.<br \/>\nP\u00e2tes 44% : farine de BL\u00c9 tendre type &#8220;00&#8221;, semoule de BL\u00c9 dur, OEUFS 20%, eau.<br \/>\nSaupoudrer de cr\u00e8me de riz.<\/p>\n<p>Il peut contenir ARACHIDES, FRUITS \u00c0 COQUE, C\u00c9LERI, MOUTARDE, S\u00c9SAME, SOJA, POISSON, CRUSTAC\u00c9S, LUPIN.<\/p>\n<p>Allerg\u00e8nes : <em>indiqu\u00e9s en majuscules<\/em>.<\/p>\n<h2>Mode d&#8217;emploi<\/h2>\n<p>Cuire \u00e0 l&#8217;eau sal\u00e9e<br \/>\nConditionn\u00e9 sous atmosph\u00e8re protectrice.<br \/>\nConsommez dans les 3 jours apr\u00e8s l&#8217;ouverture.<\/p>\n<p>Conserver au r\u00e9frig\u00e9rateur entre 0 et + 4\u00b0C. A consommer apr\u00e8s la cuisson.<\/p>\n","protected":false},"excerpt":{"rendered":"<p>P\u00e2tes aux \u0153ufs farcies fra\u00eeches<\/p>\n","protected":false},"featured_media":2710,"comment_status":"closed","ping_status":"closed","template":"","meta":{"wprm-recipe-roundup-name":[],"wprm-recipe-roundup-description":[]},"product_cat":[177],"product_tag":[183],"class_list":{"0":"post-2926","1":"product","2":"type-product","3":"status-publish","4":"has-post-thumbnail","6":"product_cat-pates-artisanales-avec-garnitures-speciales","7":"product_tag-fromage-et-legumes","9":"first","10":"instock","11":"taxable","12":"shipping-taxable","13":"product-type-simple"},"aioseo_notices":[],"_links":{"self":[{"href":"https:\/\/www.pastificiodestefano.it\/fr\/wp-json\/wp\/v2\/product\/2926","targetHints":{"allow":["GET"]}}],"collection":[{"href":"https:\/\/www.pastificiodestefano.it\/fr\/wp-json\/wp\/v2\/product"}],"about":[{"href":"https:\/\/www.pastificiodestefano.it\/fr\/wp-json\/wp\/v2\/types\/product"}],"replies":[{"embeddable":true,"href":"https:\/\/www.pastificiodestefano.it\/fr\/wp-json\/wp\/v2\/comments?post=2926"}],"wp:featuredmedia":[{"embeddable":true,"href":"https:\/\/www.pastificiodestefano.it\/fr\/wp-json\/wp\/v2\/media\/2710"}],"wp:attachment":[{"href":"https:\/\/www.pastificiodestefano.it\/fr\/wp-json\/wp\/v2\/media?parent=2926"}],"wp:term":[{"taxonomy":"product_cat","embeddable":true,"href":"https:\/\/www.pastificiodestefano.it\/fr\/wp-json\/wp\/v2\/product_cat?post=2926"},{"taxonomy":"product_tag","embeddable":true,"href":"https:\/\/www.pastificiodestefano.it\/fr\/wp-json\/wp\/v2\/product_tag?post=2926"}],"curies":[{"name":"wp","href":"https:\/\/api.w.org\/{rel}","templated":true}]}}