{"id":3752,"date":"2020-05-06T15:34:37","date_gmt":"2020-05-06T13:34:37","guid":{"rendered":"https:\/\/www.pastificiodestefano.it\/prodotto\/cuoricini-a-la-toma-et-noisettes\/"},"modified":"2025-10-24T16:19:59","modified_gmt":"2025-10-24T14:19:59","slug":"cuoricini-a-la-toma-et-noisettes","status":"publish","type":"product","link":"https:\/\/www.pastificiodestefano.it\/fr\/produit\/cuoricini-a-la-toma-et-noisettes\/","title":{"rendered":"Cuoricini a la toma et noisettes*"},"content":{"rendered":"<h2>Ingr\u00e9dients<\/h2>\n<p>Farce 50% : lait pi\u00e9montais Toma d&#8217;Alta Valle 22% (contient LAIT), ricotta au lait de vache (LACTOSERUM, LAIT, sel), fromages (contient LAIT), pommes de terre d\u00e9shydrat\u00e9es, f\u00e9cule de pomme de terre, NOISETTES 8% *uniquement avec &#8220;Nocciola Piemonte IGP&#8221;, fibres v\u00e9g\u00e9tales (Bambou, Psyllium), ar\u00f4mes naturels, sel.<br \/>\nP\u00e2tes 50% : farine de BL\u00c9 tendre type &#8220;00&#8221;, semoule de BL\u00c9 dur, OEUFS 20%, eau. <\/p>\n<p>Saupoudrer de cr\u00e8me de riz.<br \/>\nIl peut contenir ARACHIDES, FRUITS \u00c0 COQUE, C\u00c9LERI,<br \/>MOUTARDE, S\u00c9SAME, SOJA, POISSON, CRUSTAC\u00c9S,<br \/>LUPIN.<\/p>\n<p>Allerg\u00e8nes : <em>indiqu\u00e9s en majuscules<\/em>.<br \/>\nTemps de cuisson : 5 minutes.<\/p>\n<h2>Mode d&#8217;emploi<\/h2>\n<p>Cuire \u00e0 l&#8217;eau sal\u00e9e<br \/>\nConditionn\u00e9 sous atmosph\u00e8re protectrice.<br \/>\nConsommez dans les 3 jours apr\u00e8s l&#8217;ouverture.<\/p>\n<p>Conserver au r\u00e9frig\u00e9rateur entre 0 et + 4\u00b0C. A consommer apr\u00e8s la cuisson.<\/p>\n","protected":false},"excerpt":{"rendered":"<p>P\u00e2tes aux \u0153ufs farcies fra\u00eeches<\/p>\n","protected":false},"featured_media":4030,"comment_status":"closed","ping_status":"closed","template":"","meta":{"wprm-recipe-roundup-name":[],"wprm-recipe-roundup-description":[]},"product_cat":[177],"product_tag":[183],"class_list":{"0":"post-3752","1":"product","2":"type-product","3":"status-publish","4":"has-post-thumbnail","6":"product_cat-pates-artisanales-avec-garnitures-speciales","7":"product_tag-fromage-et-legumes","9":"first","10":"instock","11":"taxable","12":"shipping-taxable","13":"product-type-simple"},"aioseo_notices":[],"_links":{"self":[{"href":"https:\/\/www.pastificiodestefano.it\/fr\/wp-json\/wp\/v2\/product\/3752","targetHints":{"allow":["GET"]}}],"collection":[{"href":"https:\/\/www.pastificiodestefano.it\/fr\/wp-json\/wp\/v2\/product"}],"about":[{"href":"https:\/\/www.pastificiodestefano.it\/fr\/wp-json\/wp\/v2\/types\/product"}],"replies":[{"embeddable":true,"href":"https:\/\/www.pastificiodestefano.it\/fr\/wp-json\/wp\/v2\/comments?post=3752"}],"wp:featuredmedia":[{"embeddable":true,"href":"https:\/\/www.pastificiodestefano.it\/fr\/wp-json\/wp\/v2\/media\/4030"}],"wp:attachment":[{"href":"https:\/\/www.pastificiodestefano.it\/fr\/wp-json\/wp\/v2\/media?parent=3752"}],"wp:term":[{"taxonomy":"product_cat","embeddable":true,"href":"https:\/\/www.pastificiodestefano.it\/fr\/wp-json\/wp\/v2\/product_cat?post=3752"},{"taxonomy":"product_tag","embeddable":true,"href":"https:\/\/www.pastificiodestefano.it\/fr\/wp-json\/wp\/v2\/product_tag?post=3752"}],"curies":[{"name":"wp","href":"https:\/\/api.w.org\/{rel}","templated":true}]}}